{"id":2927,"date":"2022-07-21T15:35:58","date_gmt":"2022-07-21T15:35:58","guid":{"rendered":"https:\/\/www.hypertera.com\/?product=x-valkotaulukyna-pilot-wytebord-marker-varilajitelmapoistunut"},"modified":"2022-07-21T15:36:05","modified_gmt":"2022-07-21T15:36:05","slug":"x-valkotaulukyna-pilot-wytebord-marker-varilajitelmapoistunut","status":"publish","type":"product","link":"https:\/\/www.hypertera.com\/?product=x-valkotaulukyna-pilot-wytebord-marker-varilajitelmapoistunut","title":{"rendered":"X Valkotaulukyn\u00e4, Pilot Wytebord Marker, v\u00e4rilajitelma(POISTUNUT)"},"content":{"rendered":"<p>Paketissa on viisi tussia, punainen, sininen, oranssi, vihre\u00e4 ja musta. Tussi on mediumin kokoinen.<\/p>\n","protected":false},"excerpt":{"rendered":"<p>V\u00e4rilajitelma Pilot Wytebord Marker Valkotaulukyn\u00e4<\/p>\n","protected":false},"featured_media":2928,"comment_status":"closed","ping_status":"closed","template":"","meta":[],"product_brand":[],"product_cat":[15],"product_tag":[852],"class_list":{"0":"post-2927","1":"product","2":"type-product","3":"status-publish","4":"has-post-thumbnail","6":"product_cat-uncategorized","7":"product_tag-valkotaulukynat","9":"first","10":"outofstock","11":"purchasable","12":"product-type-simple"},"jetpack_sharing_enabled":true,"_links":{"self":[{"href":"https:\/\/www.hypertera.com\/index.php?rest_route=\/wp\/v2\/product\/2927","targetHints":{"allow":["GET"]}}],"collection":[{"href":"https:\/\/www.hypertera.com\/index.php?rest_route=\/wp\/v2\/product"}],"about":[{"href":"https:\/\/www.hypertera.com\/index.php?rest_route=\/wp\/v2\/types\/product"}],"replies":[{"embeddable":true,"href":"https:\/\/www.hypertera.com\/index.php?rest_route=%2Fwp%2Fv2%2Fcomments&post=2927"}],"wp:featuredmedia":[{"embeddable":true,"href":"https:\/\/www.hypertera.com\/index.php?rest_route=\/wp\/v2\/media\/2928"}],"wp:attachment":[{"href":"https:\/\/www.hypertera.com\/index.php?rest_route=%2Fwp%2Fv2%2Fmedia&parent=2927"}],"wp:term":[{"taxonomy":"product_brand","embeddable":true,"href":"https:\/\/www.hypertera.com\/index.php?rest_route=%2Fwp%2Fv2%2Fproduct_brand&post=2927"},{"taxonomy":"product_cat","embeddable":true,"href":"https:\/\/www.hypertera.com\/index.php?rest_route=%2Fwp%2Fv2%2Fproduct_cat&post=2927"},{"taxonomy":"product_tag","embeddable":true,"href":"https:\/\/www.hypertera.com\/index.php?rest_route=%2Fwp%2Fv2%2Fproduct_tag&post=2927"}],"curies":[{"name":"wp","href":"https:\/\/api.w.org\/{rel}","templated":true}]}}