{"id":2924,"date":"2022-07-21T15:35:58","date_gmt":"2022-07-21T15:35:58","guid":{"rendered":"https:\/\/www.hypertera.com\/?product=valkotaulu-6045cm-pinnoitettu-teras"},"modified":"2022-07-21T15:35:58","modified_gmt":"2022-07-21T15:35:58","slug":"valkotaulu-6045cm-pinnoitettu-teras","status":"publish","type":"product","link":"https:\/\/www.hypertera.com\/?product=valkotaulu-6045cm-pinnoitettu-teras","title":{"rendered":"Valkotaulu, 60*45cm, pinnoitettu ter\u00e4s"},"content":{"rendered":"<p>Valkoinen, magneettinen tussitaulu alumiinikehyksill\u00e4. Mukana kyn\u00e4kouru. Kiinnitys kahdella kiinnitysrenkaalla. Pinnoitettua ter\u00e4st\u00e4. Taustapuoli sinkitty.  Kiinnitysrenkaat liukuvat haluttuihin kohtiin, eli niiden v\u00e4linen et\u00e4isyys on s\u00e4\u00e4dett\u00e4viss\u00e4    Muista tarvittaessa tilata my\u00f6s   Taulutussit   Taulupyyhin   Valkotaulun puhdistusaine<\/p>\n","protected":false},"excerpt":{"rendered":"<p>60*45cm Valkotaulu<\/p>\n","protected":false},"featured_media":2925,"comment_status":"closed","ping_status":"closed","template":"","meta":[],"product_brand":[],"product_cat":[50,16,468],"product_tag":[850],"class_list":{"0":"post-2924","1":"product","2":"type-product","3":"status-publish","4":"has-post-thumbnail","6":"product_cat-kalusteet","7":"product_cat-tuotteet","8":"product_cat-tussitaulut","9":"product_tag-valkotaulut","11":"first","12":"instock","13":"purchasable","14":"product-type-simple"},"jetpack_sharing_enabled":true,"_links":{"self":[{"href":"https:\/\/www.hypertera.com\/index.php?rest_route=\/wp\/v2\/product\/2924","targetHints":{"allow":["GET"]}}],"collection":[{"href":"https:\/\/www.hypertera.com\/index.php?rest_route=\/wp\/v2\/product"}],"about":[{"href":"https:\/\/www.hypertera.com\/index.php?rest_route=\/wp\/v2\/types\/product"}],"replies":[{"embeddable":true,"href":"https:\/\/www.hypertera.com\/index.php?rest_route=%2Fwp%2Fv2%2Fcomments&post=2924"}],"wp:featuredmedia":[{"embeddable":true,"href":"https:\/\/www.hypertera.com\/index.php?rest_route=\/wp\/v2\/media\/2925"}],"wp:attachment":[{"href":"https:\/\/www.hypertera.com\/index.php?rest_route=%2Fwp%2Fv2%2Fmedia&parent=2924"}],"wp:term":[{"taxonomy":"product_brand","embeddable":true,"href":"https:\/\/www.hypertera.com\/index.php?rest_route=%2Fwp%2Fv2%2Fproduct_brand&post=2924"},{"taxonomy":"product_cat","embeddable":true,"href":"https:\/\/www.hypertera.com\/index.php?rest_route=%2Fwp%2Fv2%2Fproduct_cat&post=2924"},{"taxonomy":"product_tag","embeddable":true,"href":"https:\/\/www.hypertera.com\/index.php?rest_route=%2Fwp%2Fv2%2Fproduct_tag&post=2924"}],"curies":[{"name":"wp","href":"https:\/\/api.w.org\/{rel}","templated":true}]}}