{"id":289,"date":"2022-07-21T14:05:07","date_gmt":"2022-07-21T14:05:07","guid":{"rendered":"https:\/\/www.hypertera.com\/?product=geelikyna-economy-0-5-mm-musta"},"modified":"2022-07-21T14:05:35","modified_gmt":"2022-07-21T14:05:35","slug":"geelikyna-economy-0-5-mm-musta","status":"publish","type":"product","link":"https:\/\/www.hypertera.com\/?product=geelikyna-economy-0-5-mm-musta","title":{"rendered":"Geelikyn\u00e4 Economy, 0.5 mm, musta"},"content":{"rendered":"<p>Pienikokoinen geelikyn\u00e4. Musta muste. Ter\u00e4v\u00e4 neulak\u00e4rki, jonka paksuus on 0.5 mm. Sile\u00e4 l\u00e4pin\u00e4kyv\u00e4 runko aaltoilevalla otepinnalla.<\/p>\n","protected":false},"excerpt":{"rendered":"<p>Musta Economy 0.5 mm Geelikyn\u00e4<\/p>\n","protected":false},"featured_media":290,"comment_status":"closed","ping_status":"closed","template":"","meta":[],"product_brand":[],"product_cat":[140,56,30,16],"product_tag":[141],"class_list":{"0":"post-289","1":"product","2":"type-product","3":"status-publish","4":"has-post-thumbnail","6":"product_cat-geelikynat","7":"product_cat-kynat","8":"product_cat-toimistotarvikkeet","9":"product_cat-tuotteet","10":"product_tag-geelikynat","12":"first","13":"instock","14":"purchasable","15":"product-type-simple"},"jetpack_sharing_enabled":true,"_links":{"self":[{"href":"https:\/\/www.hypertera.com\/index.php?rest_route=\/wp\/v2\/product\/289","targetHints":{"allow":["GET"]}}],"collection":[{"href":"https:\/\/www.hypertera.com\/index.php?rest_route=\/wp\/v2\/product"}],"about":[{"href":"https:\/\/www.hypertera.com\/index.php?rest_route=\/wp\/v2\/types\/product"}],"replies":[{"embeddable":true,"href":"https:\/\/www.hypertera.com\/index.php?rest_route=%2Fwp%2Fv2%2Fcomments&post=289"}],"wp:featuredmedia":[{"embeddable":true,"href":"https:\/\/www.hypertera.com\/index.php?rest_route=\/wp\/v2\/media\/290"}],"wp:attachment":[{"href":"https:\/\/www.hypertera.com\/index.php?rest_route=%2Fwp%2Fv2%2Fmedia&parent=289"}],"wp:term":[{"taxonomy":"product_brand","embeddable":true,"href":"https:\/\/www.hypertera.com\/index.php?rest_route=%2Fwp%2Fv2%2Fproduct_brand&post=289"},{"taxonomy":"product_cat","embeddable":true,"href":"https:\/\/www.hypertera.com\/index.php?rest_route=%2Fwp%2Fv2%2Fproduct_cat&post=289"},{"taxonomy":"product_tag","embeddable":true,"href":"https:\/\/www.hypertera.com\/index.php?rest_route=%2Fwp%2Fv2%2Fproduct_tag&post=289"}],"curies":[{"name":"wp","href":"https:\/\/api.w.org\/{rel}","templated":true}]}}