{"id":2884,"date":"2022-07-21T15:34:41","date_gmt":"2022-07-21T15:34:41","guid":{"rendered":"https:\/\/www.hypertera.com\/?product=usb-jatkokaapeli-poytamalli-a-a-1-5m-musta"},"modified":"2022-07-21T15:34:41","modified_gmt":"2022-07-21T15:34:41","slug":"usb-jatkokaapeli-poytamalli-a-a-1-5m-musta","status":"publish","type":"product","link":"https:\/\/www.hypertera.com\/?product=usb-jatkokaapeli-poytamalli-a-a-1-5m-musta","title":{"rendered":"USB-jatkokaapeli, P\u00f6yt\u00e4malli A-A, 1.5m, musta"},"content":{"rendered":"<p>1,5 metri\u00e4 pitk\u00e4 USB2.0 johto + telakka. Tyylikk\u00e4\u00e4n muotoinen p\u00f6yd\u00e4lle laitettava telakka, jossa on 2 USB paikkaa. Sopii hyvin esim. muistitikkujen, mokkuloiden ja muiden USB laitteiden jatkojohdoksi. Yhteensopiva PC:n ja Macintoshin kanssa.<\/p>\n","protected":false},"excerpt":{"rendered":"<p>Musta P\u00f6yt\u00e4malli A-A 1.5m USB-jatkokaapeli<\/p>\n","protected":false},"featured_media":2885,"comment_status":"closed","ping_status":"closed","template":"","meta":[],"product_brand":[],"product_cat":[15],"product_tag":[841],"class_list":{"0":"post-2884","1":"product","2":"type-product","3":"status-publish","4":"has-post-thumbnail","6":"product_cat-uncategorized","7":"product_tag-usb-jatkokaapelit","9":"first","10":"instock","11":"purchasable","12":"product-type-simple"},"jetpack_sharing_enabled":true,"_links":{"self":[{"href":"https:\/\/www.hypertera.com\/index.php?rest_route=\/wp\/v2\/product\/2884","targetHints":{"allow":["GET"]}}],"collection":[{"href":"https:\/\/www.hypertera.com\/index.php?rest_route=\/wp\/v2\/product"}],"about":[{"href":"https:\/\/www.hypertera.com\/index.php?rest_route=\/wp\/v2\/types\/product"}],"replies":[{"embeddable":true,"href":"https:\/\/www.hypertera.com\/index.php?rest_route=%2Fwp%2Fv2%2Fcomments&post=2884"}],"wp:featuredmedia":[{"embeddable":true,"href":"https:\/\/www.hypertera.com\/index.php?rest_route=\/wp\/v2\/media\/2885"}],"wp:attachment":[{"href":"https:\/\/www.hypertera.com\/index.php?rest_route=%2Fwp%2Fv2%2Fmedia&parent=2884"}],"wp:term":[{"taxonomy":"product_brand","embeddable":true,"href":"https:\/\/www.hypertera.com\/index.php?rest_route=%2Fwp%2Fv2%2Fproduct_brand&post=2884"},{"taxonomy":"product_cat","embeddable":true,"href":"https:\/\/www.hypertera.com\/index.php?rest_route=%2Fwp%2Fv2%2Fproduct_cat&post=2884"},{"taxonomy":"product_tag","embeddable":true,"href":"https:\/\/www.hypertera.com\/index.php?rest_route=%2Fwp%2Fv2%2Fproduct_tag&post=2884"}],"curies":[{"name":"wp","href":"https:\/\/api.w.org\/{rel}","templated":true}]}}