{"id":2880,"date":"2022-07-21T15:34:16","date_gmt":"2022-07-21T15:34:16","guid":{"rendered":"https:\/\/www.hypertera.com\/?product=usb-jatkokaapeli-eminent-em1100-4-porttinen-usb-hub"},"modified":"2022-07-21T15:34:29","modified_gmt":"2022-07-21T15:34:29","slug":"usb-jatkokaapeli-eminent-em1100-4-porttinen-usb-hub","status":"publish","type":"product","link":"https:\/\/www.hypertera.com\/?product=usb-jatkokaapeli-eminent-em1100-4-porttinen-usb-hub","title":{"rendered":"USB-jatkokaapeli, Eminent EM1100, 4-porttinen USB-hub"},"content":{"rendered":"<p>4-porttinen USB 2.0 hub. Laajenna tietokonettasi tai kannettavaasi nelj\u00e4ll\u00e4 USB-liit\u00e4nn\u00e4ll\u00e4. Joustava muotoilu optimaaliseen suorituskykyyn.<\/p>\n","protected":false},"excerpt":{"rendered":"<p>Eminent EM1100 4-porttinen USB-hub USB-jatkokaapeli<\/p>\n","protected":false},"featured_media":2881,"comment_status":"closed","ping_status":"closed","template":"","meta":[],"product_brand":[],"product_cat":[15],"product_tag":[841],"class_list":{"0":"post-2880","1":"product","2":"type-product","3":"status-publish","4":"has-post-thumbnail","6":"product_cat-uncategorized","7":"product_tag-usb-jatkokaapelit","9":"first","10":"instock","11":"purchasable","12":"product-type-simple"},"jetpack_sharing_enabled":true,"_links":{"self":[{"href":"https:\/\/www.hypertera.com\/index.php?rest_route=\/wp\/v2\/product\/2880","targetHints":{"allow":["GET"]}}],"collection":[{"href":"https:\/\/www.hypertera.com\/index.php?rest_route=\/wp\/v2\/product"}],"about":[{"href":"https:\/\/www.hypertera.com\/index.php?rest_route=\/wp\/v2\/types\/product"}],"replies":[{"embeddable":true,"href":"https:\/\/www.hypertera.com\/index.php?rest_route=%2Fwp%2Fv2%2Fcomments&post=2880"}],"wp:featuredmedia":[{"embeddable":true,"href":"https:\/\/www.hypertera.com\/index.php?rest_route=\/wp\/v2\/media\/2881"}],"wp:attachment":[{"href":"https:\/\/www.hypertera.com\/index.php?rest_route=%2Fwp%2Fv2%2Fmedia&parent=2880"}],"wp:term":[{"taxonomy":"product_brand","embeddable":true,"href":"https:\/\/www.hypertera.com\/index.php?rest_route=%2Fwp%2Fv2%2Fproduct_brand&post=2880"},{"taxonomy":"product_cat","embeddable":true,"href":"https:\/\/www.hypertera.com\/index.php?rest_route=%2Fwp%2Fv2%2Fproduct_cat&post=2880"},{"taxonomy":"product_tag","embeddable":true,"href":"https:\/\/www.hypertera.com\/index.php?rest_route=%2Fwp%2Fv2%2Fproduct_tag&post=2880"}],"curies":[{"name":"wp","href":"https:\/\/api.w.org\/{rel}","templated":true}]}}