{"id":2868,"date":"2022-07-21T15:33:46","date_gmt":"2022-07-21T15:33:46","guid":{"rendered":"https:\/\/www.hypertera.com\/?product=uimalasit-arctifit-hoyrystymisenesto-kiintea-nenasilta-musta"},"modified":"2022-07-21T15:33:54","modified_gmt":"2022-07-21T15:33:54","slug":"uimalasit-arctifit-hoyrystymisenesto-kiintea-nenasilta-musta","status":"publish","type":"product","link":"https:\/\/www.hypertera.com\/?product=uimalasit-arctifit-hoyrystymisenesto-kiintea-nenasilta-musta","title":{"rendered":"Uimalasit, Arctifit, h\u00f6yrystymisenesto, kiinte\u00e4 nen\u00e4silta, musta"},"content":{"rendered":"<p>Tyylikk\u00e4\u00e4t Arctifit-uimalasit sinert\u00e4v\u00e4nharmailla muovilinsseill\u00e4. Linssit ovat UV-suojatut. Nen\u00e4silta on kiinte\u00e4n pituinen, mutta linssien kumireunukset ja venyv\u00e4 kumisilta mukautuu nen\u00e4llesi ja silmillesi sopivaksi.<\/p>\n","protected":false},"excerpt":{"rendered":"<p>Arctifit Harmaa h\u00f6yrystymisenesto Uimalasit<\/p>\n","protected":false},"featured_media":2869,"comment_status":"closed","ping_status":"closed","template":"","meta":[],"product_brand":[],"product_cat":[15],"product_tag":[839],"class_list":{"0":"post-2868","1":"product","2":"type-product","3":"status-publish","4":"has-post-thumbnail","6":"product_cat-uncategorized","7":"product_tag-uimalasit","9":"first","10":"instock","11":"purchasable","12":"product-type-simple"},"jetpack_sharing_enabled":true,"_links":{"self":[{"href":"https:\/\/www.hypertera.com\/index.php?rest_route=\/wp\/v2\/product\/2868","targetHints":{"allow":["GET"]}}],"collection":[{"href":"https:\/\/www.hypertera.com\/index.php?rest_route=\/wp\/v2\/product"}],"about":[{"href":"https:\/\/www.hypertera.com\/index.php?rest_route=\/wp\/v2\/types\/product"}],"replies":[{"embeddable":true,"href":"https:\/\/www.hypertera.com\/index.php?rest_route=%2Fwp%2Fv2%2Fcomments&post=2868"}],"wp:featuredmedia":[{"embeddable":true,"href":"https:\/\/www.hypertera.com\/index.php?rest_route=\/wp\/v2\/media\/2869"}],"wp:attachment":[{"href":"https:\/\/www.hypertera.com\/index.php?rest_route=%2Fwp%2Fv2%2Fmedia&parent=2868"}],"wp:term":[{"taxonomy":"product_brand","embeddable":true,"href":"https:\/\/www.hypertera.com\/index.php?rest_route=%2Fwp%2Fv2%2Fproduct_brand&post=2868"},{"taxonomy":"product_cat","embeddable":true,"href":"https:\/\/www.hypertera.com\/index.php?rest_route=%2Fwp%2Fv2%2Fproduct_cat&post=2868"},{"taxonomy":"product_tag","embeddable":true,"href":"https:\/\/www.hypertera.com\/index.php?rest_route=%2Fwp%2Fv2%2Fproduct_tag&post=2868"}],"curies":[{"name":"wp","href":"https:\/\/api.w.org\/{rel}","templated":true}]}}