{"id":2852,"date":"2022-07-21T15:32:58","date_gmt":"2022-07-21T15:32:58","guid":{"rendered":"https:\/\/www.hypertera.com\/?product=tyopoytasarja-7-osainen-punertava-puu"},"modified":"2022-07-21T15:33:27","modified_gmt":"2022-07-21T15:33:27","slug":"tyopoytasarja-7-osainen-punertava-puu","status":"publish","type":"product","link":"https:\/\/www.hypertera.com\/?product=tyopoytasarja-7-osainen-punertava-puu","title":{"rendered":"Ty\u00f6p\u00f6yt\u00e4sarja, 7-osainen, punertava puu"},"content":{"rendered":"<p>Sarja telineit\u00e4 ty\u00f6p\u00f6yd\u00e4lle. Punertavaa puuta.  Sis\u00e4lt\u00e4\u00e4 paperitlineen kahdella osiolla, paperipinon pidikkeen, veitsenavaajan, kyn\u00e4telineen, k\u00e4yntikorttitelineen, kirjoitusalustan, kyn\u00e4teline, kirjeteline ja paperipidike.<\/p>\n","protected":false},"excerpt":{"rendered":"<p>Ty\u00f6p\u00f6yt\u00e4sarja, 7-osainen, punertava puu<\/p>\n","protected":false},"featured_media":2853,"comment_status":"closed","ping_status":"closed","template":"","meta":[],"product_brand":[],"product_cat":[15],"product_tag":[835],"class_list":{"0":"post-2852","1":"product","2":"type-product","3":"status-publish","4":"has-post-thumbnail","6":"product_cat-uncategorized","7":"product_tag-tyopoytasarjat","9":"first","10":"instock","11":"purchasable","12":"product-type-simple"},"jetpack_sharing_enabled":true,"_links":{"self":[{"href":"https:\/\/www.hypertera.com\/index.php?rest_route=\/wp\/v2\/product\/2852","targetHints":{"allow":["GET"]}}],"collection":[{"href":"https:\/\/www.hypertera.com\/index.php?rest_route=\/wp\/v2\/product"}],"about":[{"href":"https:\/\/www.hypertera.com\/index.php?rest_route=\/wp\/v2\/types\/product"}],"replies":[{"embeddable":true,"href":"https:\/\/www.hypertera.com\/index.php?rest_route=%2Fwp%2Fv2%2Fcomments&post=2852"}],"wp:featuredmedia":[{"embeddable":true,"href":"https:\/\/www.hypertera.com\/index.php?rest_route=\/wp\/v2\/media\/2853"}],"wp:attachment":[{"href":"https:\/\/www.hypertera.com\/index.php?rest_route=%2Fwp%2Fv2%2Fmedia&parent=2852"}],"wp:term":[{"taxonomy":"product_brand","embeddable":true,"href":"https:\/\/www.hypertera.com\/index.php?rest_route=%2Fwp%2Fv2%2Fproduct_brand&post=2852"},{"taxonomy":"product_cat","embeddable":true,"href":"https:\/\/www.hypertera.com\/index.php?rest_route=%2Fwp%2Fv2%2Fproduct_cat&post=2852"},{"taxonomy":"product_tag","embeddable":true,"href":"https:\/\/www.hypertera.com\/index.php?rest_route=%2Fwp%2Fv2%2Fproduct_tag&post=2852"}],"curies":[{"name":"wp","href":"https:\/\/api.w.org\/{rel}","templated":true}]}}