{"id":2838,"date":"2022-07-21T15:32:50","date_gmt":"2022-07-21T15:32:50","guid":{"rendered":"https:\/\/www.hypertera.com\/?product=tussi-f-office-permanent-sininen-1-pkt-12-kpl"},"modified":"2022-07-21T15:32:53","modified_gmt":"2022-07-21T15:32:53","slug":"tussi-f-office-permanent-sininen-1-pkt-12-kpl","status":"publish","type":"product","link":"https:\/\/www.hypertera.com\/?product=tussi-f-office-permanent-sininen-1-pkt-12-kpl","title":{"rendered":"Tussi, F-Office, permanent, sininen, 1 pkt \/12 kpl"},"content":{"rendered":"<p>Sininen permanentti tussi kaikille pinnoille. Vino k\u00e4rki, jonka leveys 1 &#8211; 5 mm. Myrkyt\u00f6n. Myyntier\u00e4 edullisesti 12 kappaleen tukkupakkauksessa.<\/p>\n","protected":false},"excerpt":{"rendered":"<p>Sininen F-Office permanent tussi<\/p>\n","protected":false},"featured_media":2839,"comment_status":"closed","ping_status":"closed","template":"","meta":[],"product_brand":[],"product_cat":[56,30,16,832],"product_tag":[833],"class_list":{"0":"post-2838","1":"product","2":"type-product","3":"status-publish","4":"has-post-thumbnail","6":"product_cat-kynat","7":"product_cat-toimistotarvikkeet","8":"product_cat-tuotteet","9":"product_cat-tussit","10":"product_tag-tussit","12":"first","13":"instock","14":"purchasable","15":"product-type-simple"},"jetpack_sharing_enabled":true,"_links":{"self":[{"href":"https:\/\/www.hypertera.com\/index.php?rest_route=\/wp\/v2\/product\/2838","targetHints":{"allow":["GET"]}}],"collection":[{"href":"https:\/\/www.hypertera.com\/index.php?rest_route=\/wp\/v2\/product"}],"about":[{"href":"https:\/\/www.hypertera.com\/index.php?rest_route=\/wp\/v2\/types\/product"}],"replies":[{"embeddable":true,"href":"https:\/\/www.hypertera.com\/index.php?rest_route=%2Fwp%2Fv2%2Fcomments&post=2838"}],"wp:featuredmedia":[{"embeddable":true,"href":"https:\/\/www.hypertera.com\/index.php?rest_route=\/wp\/v2\/media\/2839"}],"wp:attachment":[{"href":"https:\/\/www.hypertera.com\/index.php?rest_route=%2Fwp%2Fv2%2Fmedia&parent=2838"}],"wp:term":[{"taxonomy":"product_brand","embeddable":true,"href":"https:\/\/www.hypertera.com\/index.php?rest_route=%2Fwp%2Fv2%2Fproduct_brand&post=2838"},{"taxonomy":"product_cat","embeddable":true,"href":"https:\/\/www.hypertera.com\/index.php?rest_route=%2Fwp%2Fv2%2Fproduct_cat&post=2838"},{"taxonomy":"product_tag","embeddable":true,"href":"https:\/\/www.hypertera.com\/index.php?rest_route=%2Fwp%2Fv2%2Fproduct_tag&post=2838"}],"curies":[{"name":"wp","href":"https:\/\/api.w.org\/{rel}","templated":true}]}}