{"id":2822,"date":"2022-07-21T15:31:51","date_gmt":"2022-07-21T15:31:51","guid":{"rendered":"https:\/\/www.hypertera.com\/?product=tuolinalusmatto-pehmeille-lattioille-120x150cm"},"modified":"2022-07-21T15:32:05","modified_gmt":"2022-07-21T15:32:05","slug":"tuolinalusmatto-pehmeille-lattioille-120x150cm","status":"publish","type":"product","link":"https:\/\/www.hypertera.com\/?product=tuolinalusmatto-pehmeille-lattioille-120x150cm","title":{"rendered":"Tuolinalusmatto pehmeille lattioille, 120x150cm"},"content":{"rendered":"<p>L\u00e4pin\u00e4kyv\u00e4 tuolinalusmatto pehmeille pinnoille, esimerkiksi kokolattiamatoille. Pienet nystyr\u00e4t maton alareunassa pit\u00e4v\u00e4t sen paikoillaan ja suojaavat mattopintaa. Toimistotuolien renkaat kuluttavat nopeasti kokop\u00e4iv\u00e4isess\u00e4 k\u00e4yt\u00f6ss\u00e4 &#8211; suojaa lattiasi!  Valmistettu 2.1 mm polyesterist\u00e4. Koko 120 x 150 cm. Reunat on py\u00f6ristetty.<\/p>\n","protected":false},"excerpt":{"rendered":"<p>F-Office Tuolinalusmatto<\/p>\n","protected":false},"featured_media":2823,"comment_status":"closed","ping_status":"closed","template":"","meta":[],"product_brand":[],"product_cat":[15],"product_tag":[826],"class_list":{"0":"post-2822","1":"product","2":"type-product","3":"status-publish","4":"has-post-thumbnail","6":"product_cat-uncategorized","7":"product_tag-tuolinalusmatot","9":"first","10":"instock","11":"purchasable","12":"product-type-simple"},"jetpack_sharing_enabled":true,"_links":{"self":[{"href":"https:\/\/www.hypertera.com\/index.php?rest_route=\/wp\/v2\/product\/2822","targetHints":{"allow":["GET"]}}],"collection":[{"href":"https:\/\/www.hypertera.com\/index.php?rest_route=\/wp\/v2\/product"}],"about":[{"href":"https:\/\/www.hypertera.com\/index.php?rest_route=\/wp\/v2\/types\/product"}],"replies":[{"embeddable":true,"href":"https:\/\/www.hypertera.com\/index.php?rest_route=%2Fwp%2Fv2%2Fcomments&post=2822"}],"wp:featuredmedia":[{"embeddable":true,"href":"https:\/\/www.hypertera.com\/index.php?rest_route=\/wp\/v2\/media\/2823"}],"wp:attachment":[{"href":"https:\/\/www.hypertera.com\/index.php?rest_route=%2Fwp%2Fv2%2Fmedia&parent=2822"}],"wp:term":[{"taxonomy":"product_brand","embeddable":true,"href":"https:\/\/www.hypertera.com\/index.php?rest_route=%2Fwp%2Fv2%2Fproduct_brand&post=2822"},{"taxonomy":"product_cat","embeddable":true,"href":"https:\/\/www.hypertera.com\/index.php?rest_route=%2Fwp%2Fv2%2Fproduct_cat&post=2822"},{"taxonomy":"product_tag","embeddable":true,"href":"https:\/\/www.hypertera.com\/index.php?rest_route=%2Fwp%2Fv2%2Fproduct_tag&post=2822"}],"curies":[{"name":"wp","href":"https:\/\/api.w.org\/{rel}","templated":true}]}}