{"id":2818,"date":"2022-07-21T15:31:51","date_gmt":"2022-07-21T15:31:51","guid":{"rendered":"https:\/\/www.hypertera.com\/?product=tuolinalusmatto-koville-lattioille-120x90cm"},"modified":"2022-07-21T15:31:54","modified_gmt":"2022-07-21T15:31:54","slug":"tuolinalusmatto-koville-lattioille-120x90cm","status":"publish","type":"product","link":"https:\/\/www.hypertera.com\/?product=tuolinalusmatto-koville-lattioille-120x90cm","title":{"rendered":"Tuolinalusmatto koville lattioille 120x90cm"},"content":{"rendered":"<p>L\u00e4pin\u00e4kyv\u00e4 tuolinalusmatto koville pinnoille, esimerkiksi laminaatille tai parketille. Toimistotuolien renkaat kuluttavat nopeasti kokop\u00e4iv\u00e4isess\u00e4 k\u00e4yt\u00f6ss\u00e4 &#8211; suojaa lattiasi!  Valmistettu 1.8 mm polyesterist\u00e4. Koko 120 x 90 cm. Reunat on py\u00f6ristetty.<\/p>\n","protected":false},"excerpt":{"rendered":"<p>Tuolinalusmatto koville lattioille 120x90cm<\/p>\n","protected":false},"featured_media":2819,"comment_status":"closed","ping_status":"closed","template":"","meta":[],"product_brand":[],"product_cat":[15],"product_tag":[826],"class_list":{"0":"post-2818","1":"product","2":"type-product","3":"status-publish","4":"has-post-thumbnail","6":"product_cat-uncategorized","7":"product_tag-tuolinalusmatot","9":"first","10":"instock","11":"purchasable","12":"product-type-simple"},"jetpack_sharing_enabled":true,"_links":{"self":[{"href":"https:\/\/www.hypertera.com\/index.php?rest_route=\/wp\/v2\/product\/2818","targetHints":{"allow":["GET"]}}],"collection":[{"href":"https:\/\/www.hypertera.com\/index.php?rest_route=\/wp\/v2\/product"}],"about":[{"href":"https:\/\/www.hypertera.com\/index.php?rest_route=\/wp\/v2\/types\/product"}],"replies":[{"embeddable":true,"href":"https:\/\/www.hypertera.com\/index.php?rest_route=%2Fwp%2Fv2%2Fcomments&post=2818"}],"wp:featuredmedia":[{"embeddable":true,"href":"https:\/\/www.hypertera.com\/index.php?rest_route=\/wp\/v2\/media\/2819"}],"wp:attachment":[{"href":"https:\/\/www.hypertera.com\/index.php?rest_route=%2Fwp%2Fv2%2Fmedia&parent=2818"}],"wp:term":[{"taxonomy":"product_brand","embeddable":true,"href":"https:\/\/www.hypertera.com\/index.php?rest_route=%2Fwp%2Fv2%2Fproduct_brand&post=2818"},{"taxonomy":"product_cat","embeddable":true,"href":"https:\/\/www.hypertera.com\/index.php?rest_route=%2Fwp%2Fv2%2Fproduct_cat&post=2818"},{"taxonomy":"product_tag","embeddable":true,"href":"https:\/\/www.hypertera.com\/index.php?rest_route=%2Fwp%2Fv2%2Fproduct_tag&post=2818"}],"curies":[{"name":"wp","href":"https:\/\/api.w.org\/{rel}","templated":true}]}}