{"id":281,"date":"2022-07-21T14:05:07","date_gmt":"2022-07-21T14:05:07","guid":{"rendered":"https:\/\/www.hypertera.com\/?product=funktiolaskin-102-numeroa-2-nayttorivia-240-toimintoa-paristot"},"modified":"2022-07-21T14:05:20","modified_gmt":"2022-07-21T14:05:20","slug":"funktiolaskin-102-numeroa-2-nayttorivia-240-toimintoa-paristot","status":"publish","type":"product","link":"https:\/\/www.hypertera.com\/?product=funktiolaskin-102-numeroa-2-nayttorivia-240-toimintoa-paristot","title":{"rendered":"Funktiolaskin, 10+2 numeroa, 2 n\u00e4ytt\u00f6rivi\u00e4, 240 toimintoa, paristot"},"content":{"rendered":"<p>Monipuolinen funktiolaskin kouluun, kotiin ja ty\u00f6paikalle. Kaksi n\u00e4ytt\u00f6rivi\u00e4 v\u00e4hent\u00e4\u00e4 virheit\u00e4, koska voit tarkistaa n\u00e4pp\u00e4ilem\u00e4si laskutoimituksen ylemm\u00e4lt\u00e4 rivilt\u00e4. Sopii peruskouluun ja ammattikouluun sek\u00e4 lukion helpoimmille kursseille. Mukana irrotettava suojakansi.  2 n\u00e4ytt\u00f6rivi\u00e4, joista ylempi n\u00e4ytt\u00e4\u00e4 kaavan  toimii kahdella AA-paristolla (ei mukana)  automaattinen virransammutus  240 funktiota, muun muassa  peruslaskutoiminnot  tieteelliset funktiot  trigonomiset funktiot  hyperboliset funktiot  yleisimm\u00e4t logaritmit  aritmeettiset laskutoimitukset  murtoluvut  prosenttilaskut  muisti aikaisemmille tuloksille  tilastofunktioita  ym.<\/p>\n","protected":false},"excerpt":{"rendered":"<p>Monipuolinen funktiolaskin kouluun, kotiin ja ty\u00f6paikalle. Kaksi n\u00e4ytt\u00f6rivi\u00e4 v\u00e4hent\u00e4\u00e4 virheit\u00e4, koska voit tarkistaa n\u00e4pp\u00e4ilem\u00e4si laskutoimituksen ylemm\u00e4lt\u00e4 rivilt\u00e4. Sopii peruskouluun ja ammattikouluun sek\u00e4 lukion helpoimmille kursseille. Mukana irrotettava suojakansi. 2 n\u00e4ytt\u00f6rivi\u00e4, joista ylempi n\u00e4ytt\u00e4\u00e4 kaavan toimii kahdella AA-paristolla (ei mukana) automaattinen virransammutus 240 funktiota, muun muassa peruslaskutoiminnot tieteelliset funktiot trigonomiset funktiot hyperboliset funktiot yleisimm\u00e4t logaritmit aritmeettiset [&hellip;]<\/p>\n","protected":false},"featured_media":282,"comment_status":"closed","ping_status":"closed","template":"","meta":[],"product_brand":[],"product_cat":[138,17,137,16],"product_tag":[139],"class_list":{"0":"post-281","1":"product","2":"type-product","3":"status-publish","4":"has-post-thumbnail","6":"product_cat-funktiolaskimet","7":"product_cat-laitteet-tekniikka","8":"product_cat-laskimet","9":"product_cat-tuotteet","10":"product_tag-funktiolaskimet","12":"first","13":"instock","14":"purchasable","15":"product-type-simple"},"jetpack_sharing_enabled":true,"_links":{"self":[{"href":"https:\/\/www.hypertera.com\/index.php?rest_route=\/wp\/v2\/product\/281","targetHints":{"allow":["GET"]}}],"collection":[{"href":"https:\/\/www.hypertera.com\/index.php?rest_route=\/wp\/v2\/product"}],"about":[{"href":"https:\/\/www.hypertera.com\/index.php?rest_route=\/wp\/v2\/types\/product"}],"replies":[{"embeddable":true,"href":"https:\/\/www.hypertera.com\/index.php?rest_route=%2Fwp%2Fv2%2Fcomments&post=281"}],"wp:featuredmedia":[{"embeddable":true,"href":"https:\/\/www.hypertera.com\/index.php?rest_route=\/wp\/v2\/media\/282"}],"wp:attachment":[{"href":"https:\/\/www.hypertera.com\/index.php?rest_route=%2Fwp%2Fv2%2Fmedia&parent=281"}],"wp:term":[{"taxonomy":"product_brand","embeddable":true,"href":"https:\/\/www.hypertera.com\/index.php?rest_route=%2Fwp%2Fv2%2Fproduct_brand&post=281"},{"taxonomy":"product_cat","embeddable":true,"href":"https:\/\/www.hypertera.com\/index.php?rest_route=%2Fwp%2Fv2%2Fproduct_cat&post=281"},{"taxonomy":"product_tag","embeddable":true,"href":"https:\/\/www.hypertera.com\/index.php?rest_route=%2Fwp%2Fv2%2Fproduct_tag&post=281"}],"curies":[{"name":"wp","href":"https:\/\/api.w.org\/{rel}","templated":true}]}}