{"id":2806,"date":"2022-07-21T15:31:42","date_gmt":"2022-07-21T15:31:42","guid":{"rendered":"https:\/\/www.hypertera.com\/?product=tulostuspaperi-4cc-a3-90g-1-rsi-500"},"modified":"2022-07-21T15:31:44","modified_gmt":"2022-07-21T15:31:44","slug":"tulostuspaperi-4cc-a3-90g-1-rsi-500","status":"publish","type":"product","link":"https:\/\/www.hypertera.com\/?product=tulostuspaperi-4cc-a3-90g-1-rsi-500","title":{"rendered":"Tulostuspaperi, 4CC A3 90G, 1 rsi\/500"},"content":{"rendered":"<p>A3 kokoinen, 420 x 297mm paperi. Erityisen sile\u00e4 p\u00e4\u00e4llyst\u00e4m\u00e4t\u00f6n 4CC-paperi on suunniteltu huippulaadukkaita v\u00e4ritulosteita varten.<\/p>\n","protected":false},"excerpt":{"rendered":"<p>A3 kokoinen, 420 x 297mm paperi. Erityisen sile\u00e4 p\u00e4\u00e4llyst\u00e4m\u00e4t\u00f6n 4CC-paperi on suunniteltu huippulaadukkaita v\u00e4ritulosteita varten.<\/p>\n","protected":false},"featured_media":2807,"comment_status":"closed","ping_status":"closed","template":"","meta":[],"product_brand":[],"product_cat":[824,30,43,823,42,16],"product_tag":[825],"class_list":{"0":"post-2806","1":"product","2":"type-product","3":"status-publish","4":"has-post-thumbnail","6":"product_cat-erikoispaperit","7":"product_cat-toimistotarvikkeet","8":"product_cat-toimistotarvikkeet-tulostus-ja-kopiopaperit-kalvottuotteet","9":"product_cat-tulostus-ja-kopiopaperit-kalvot-toimistotarvikkeet-tulostus-ja-kopiopaperit-kalvottuotteet","10":"product_cat-tulostus-ja-kopiopaperit-kalvottuotteet","11":"product_cat-tuotteet","12":"product_tag-tulostuspaperit","14":"first","15":"instock","16":"purchasable","17":"product-type-simple"},"jetpack_sharing_enabled":true,"_links":{"self":[{"href":"https:\/\/www.hypertera.com\/index.php?rest_route=\/wp\/v2\/product\/2806","targetHints":{"allow":["GET"]}}],"collection":[{"href":"https:\/\/www.hypertera.com\/index.php?rest_route=\/wp\/v2\/product"}],"about":[{"href":"https:\/\/www.hypertera.com\/index.php?rest_route=\/wp\/v2\/types\/product"}],"replies":[{"embeddable":true,"href":"https:\/\/www.hypertera.com\/index.php?rest_route=%2Fwp%2Fv2%2Fcomments&post=2806"}],"wp:featuredmedia":[{"embeddable":true,"href":"https:\/\/www.hypertera.com\/index.php?rest_route=\/wp\/v2\/media\/2807"}],"wp:attachment":[{"href":"https:\/\/www.hypertera.com\/index.php?rest_route=%2Fwp%2Fv2%2Fmedia&parent=2806"}],"wp:term":[{"taxonomy":"product_brand","embeddable":true,"href":"https:\/\/www.hypertera.com\/index.php?rest_route=%2Fwp%2Fv2%2Fproduct_brand&post=2806"},{"taxonomy":"product_cat","embeddable":true,"href":"https:\/\/www.hypertera.com\/index.php?rest_route=%2Fwp%2Fv2%2Fproduct_cat&post=2806"},{"taxonomy":"product_tag","embeddable":true,"href":"https:\/\/www.hypertera.com\/index.php?rest_route=%2Fwp%2Fv2%2Fproduct_tag&post=2806"}],"curies":[{"name":"wp","href":"https:\/\/api.w.org\/{rel}","templated":true}]}}