{"id":2798,"date":"2022-07-21T15:31:20","date_gmt":"2022-07-21T15:31:20","guid":{"rendered":"https:\/\/www.hypertera.com\/?product=toimistotuoli-speaker-musta-nahka"},"modified":"2022-07-21T15:31:30","modified_gmt":"2022-07-21T15:31:30","slug":"toimistotuoli-speaker-musta-nahka","status":"publish","type":"product","link":"https:\/\/www.hypertera.com\/?product=toimistotuoli-speaker-musta-nahka","title":{"rendered":"Toimistotuoli, &#8220;Speaker&#8221;, musta nahka"},"content":{"rendered":"<p>Verhoilu aitoa nahkaa. Mukavalta tuntuvat istuin ja niskatuki. Korkeuss\u00e4\u00e4t\u00f6 ja keinumekansimi.<\/p>\n","protected":false},"excerpt":{"rendered":"<p>Musta nahka &#8220;Speaker&#8221; Toimistotuoli<\/p>\n","protected":false},"featured_media":2799,"comment_status":"closed","ping_status":"closed","template":"","meta":[],"product_brand":[],"product_cat":[50,819,16,820],"product_tag":[821],"class_list":{"0":"post-2798","1":"product","2":"type-product","3":"status-publish","4":"has-post-thumbnail","6":"product_cat-kalusteet","7":"product_cat-tuolit","8":"product_cat-tuotteet","9":"product_cat-tyotuolit","10":"product_tag-toimistotuolit","12":"first","13":"instock","14":"purchasable","15":"product-type-simple"},"jetpack_sharing_enabled":true,"_links":{"self":[{"href":"https:\/\/www.hypertera.com\/index.php?rest_route=\/wp\/v2\/product\/2798","targetHints":{"allow":["GET"]}}],"collection":[{"href":"https:\/\/www.hypertera.com\/index.php?rest_route=\/wp\/v2\/product"}],"about":[{"href":"https:\/\/www.hypertera.com\/index.php?rest_route=\/wp\/v2\/types\/product"}],"replies":[{"embeddable":true,"href":"https:\/\/www.hypertera.com\/index.php?rest_route=%2Fwp%2Fv2%2Fcomments&post=2798"}],"wp:featuredmedia":[{"embeddable":true,"href":"https:\/\/www.hypertera.com\/index.php?rest_route=\/wp\/v2\/media\/2799"}],"wp:attachment":[{"href":"https:\/\/www.hypertera.com\/index.php?rest_route=%2Fwp%2Fv2%2Fmedia&parent=2798"}],"wp:term":[{"taxonomy":"product_brand","embeddable":true,"href":"https:\/\/www.hypertera.com\/index.php?rest_route=%2Fwp%2Fv2%2Fproduct_brand&post=2798"},{"taxonomy":"product_cat","embeddable":true,"href":"https:\/\/www.hypertera.com\/index.php?rest_route=%2Fwp%2Fv2%2Fproduct_cat&post=2798"},{"taxonomy":"product_tag","embeddable":true,"href":"https:\/\/www.hypertera.com\/index.php?rest_route=%2Fwp%2Fv2%2Fproduct_tag&post=2798"}],"curies":[{"name":"wp","href":"https:\/\/api.w.org\/{rel}","templated":true}]}}