{"id":2776,"date":"2022-07-21T15:29:57","date_gmt":"2022-07-21T15:29:57","guid":{"rendered":"https:\/\/www.hypertera.com\/?product=termospullo-0-5l-ruostumatonta-terasta"},"modified":"2022-07-21T15:30:08","modified_gmt":"2022-07-21T15:30:08","slug":"termospullo-0-5l-ruostumatonta-terasta","status":"publish","type":"product","link":"https:\/\/www.hypertera.com\/?product=termospullo-0-5l-ruostumatonta-terasta","title":{"rendered":"Termospullo, 0.5l, ruostumatonta ter\u00e4st\u00e4"},"content":{"rendered":"<p>0,5l kokoinen termospullo. Termospullon kansi toimii juomakuppina, joten sinun ei tarvitse erikseen kantaa termospullon lis\u00e4ksi kuppia juomallesi. Pullon kyljess\u00e4 kahva, joka helpottaa pullon kantamista ja juoman kaatamista.Pullo pit\u00e4\u00e4 kylm\u00e4n juoman kylm\u00e4n\u00e4 ja kuuman kuumana.<\/p>\n","protected":false},"excerpt":{"rendered":"<p>0.5l ruostumatonta ter\u00e4st\u00e4 Termospullo<\/p>\n","protected":false},"featured_media":2777,"comment_status":"closed","ping_status":"closed","template":"","meta":[],"product_brand":[],"product_cat":[15],"product_tag":[816],"class_list":{"0":"post-2776","1":"product","2":"type-product","3":"status-publish","4":"has-post-thumbnail","6":"product_cat-uncategorized","7":"product_tag-termospullot","9":"first","10":"instock","11":"purchasable","12":"product-type-simple"},"jetpack_sharing_enabled":true,"_links":{"self":[{"href":"https:\/\/www.hypertera.com\/index.php?rest_route=\/wp\/v2\/product\/2776","targetHints":{"allow":["GET"]}}],"collection":[{"href":"https:\/\/www.hypertera.com\/index.php?rest_route=\/wp\/v2\/product"}],"about":[{"href":"https:\/\/www.hypertera.com\/index.php?rest_route=\/wp\/v2\/types\/product"}],"replies":[{"embeddable":true,"href":"https:\/\/www.hypertera.com\/index.php?rest_route=%2Fwp%2Fv2%2Fcomments&post=2776"}],"wp:featuredmedia":[{"embeddable":true,"href":"https:\/\/www.hypertera.com\/index.php?rest_route=\/wp\/v2\/media\/2777"}],"wp:attachment":[{"href":"https:\/\/www.hypertera.com\/index.php?rest_route=%2Fwp%2Fv2%2Fmedia&parent=2776"}],"wp:term":[{"taxonomy":"product_brand","embeddable":true,"href":"https:\/\/www.hypertera.com\/index.php?rest_route=%2Fwp%2Fv2%2Fproduct_brand&post=2776"},{"taxonomy":"product_cat","embeddable":true,"href":"https:\/\/www.hypertera.com\/index.php?rest_route=%2Fwp%2Fv2%2Fproduct_cat&post=2776"},{"taxonomy":"product_tag","embeddable":true,"href":"https:\/\/www.hypertera.com\/index.php?rest_route=%2Fwp%2Fv2%2Fproduct_tag&post=2776"}],"curies":[{"name":"wp","href":"https:\/\/api.w.org\/{rel}","templated":true}]}}