{"id":277,"date":"2022-07-21T14:05:07","date_gmt":"2022-07-21T14:05:07","guid":{"rendered":"https:\/\/www.hypertera.com\/?product=frankeerausetiketti-136x40mm-1-pkt-1000"},"modified":"2022-07-21T14:05:09","modified_gmt":"2022-07-21T14:05:09","slug":"frankeerausetiketti-136x40mm-1-pkt-1000","status":"publish","type":"product","link":"https:\/\/www.hypertera.com\/?product=frankeerausetiketti-136x40mm-1-pkt-1000","title":{"rendered":"Frankeerausetiketti, 136x40mm, 1 pkt\/1000"},"content":{"rendered":"<p>Valkoisia frankkeerausetikettej\u00e4. Koko: 136x40mm. 2 etiketti\u00e4 yhdell\u00e4 lapulla, paketissa 500 lappua eli paketissa 1000 etiketti\u00e4.<\/p>\n","protected":false},"excerpt":{"rendered":"<p>136x40mm Frankeerausetiketti, 1 pkt\/1000<\/p>\n","protected":false},"featured_media":278,"comment_status":"closed","ping_status":"closed","template":"","meta":[],"product_brand":[],"product_cat":[15],"product_tag":[136],"class_list":{"0":"post-277","1":"product","2":"type-product","3":"status-publish","4":"has-post-thumbnail","6":"product_cat-uncategorized","7":"product_tag-frankerausetiketit","9":"first","10":"instock","11":"purchasable","12":"product-type-simple"},"jetpack_sharing_enabled":true,"_links":{"self":[{"href":"https:\/\/www.hypertera.com\/index.php?rest_route=\/wp\/v2\/product\/277","targetHints":{"allow":["GET"]}}],"collection":[{"href":"https:\/\/www.hypertera.com\/index.php?rest_route=\/wp\/v2\/product"}],"about":[{"href":"https:\/\/www.hypertera.com\/index.php?rest_route=\/wp\/v2\/types\/product"}],"replies":[{"embeddable":true,"href":"https:\/\/www.hypertera.com\/index.php?rest_route=%2Fwp%2Fv2%2Fcomments&post=277"}],"wp:featuredmedia":[{"embeddable":true,"href":"https:\/\/www.hypertera.com\/index.php?rest_route=\/wp\/v2\/media\/278"}],"wp:attachment":[{"href":"https:\/\/www.hypertera.com\/index.php?rest_route=%2Fwp%2Fv2%2Fmedia&parent=277"}],"wp:term":[{"taxonomy":"product_brand","embeddable":true,"href":"https:\/\/www.hypertera.com\/index.php?rest_route=%2Fwp%2Fv2%2Fproduct_brand&post=277"},{"taxonomy":"product_cat","embeddable":true,"href":"https:\/\/www.hypertera.com\/index.php?rest_route=%2Fwp%2Fv2%2Fproduct_cat&post=277"},{"taxonomy":"product_tag","embeddable":true,"href":"https:\/\/www.hypertera.com\/index.php?rest_route=%2Fwp%2Fv2%2Fproduct_tag&post=277"}],"curies":[{"name":"wp","href":"https:\/\/api.w.org\/{rel}","templated":true}]}}