{"id":2768,"date":"2022-07-21T15:29:47","date_gmt":"2022-07-21T15:29:47","guid":{"rendered":"https:\/\/www.hypertera.com\/?product=teollisuuspyora-kiintea-%e2%8c%80-100mm-sinkitty-max-160-kg-sininen-elastinen"},"modified":"2022-07-21T15:29:50","modified_gmt":"2022-07-21T15:29:50","slug":"teollisuuspyora-kiintea-%e2%8c%80-100mm-sinkitty-max-160-kg-sininen-elastinen","status":"publish","type":"product","link":"https:\/\/www.hypertera.com\/?product=teollisuuspyora-kiintea-%e2%8c%80-100mm-sinkitty-max-160-kg-sininen-elastinen","title":{"rendered":"Teollisuuspy\u00f6r\u00e4, kiinte\u00e4, \u2300 100mm, sinkitty, max 160 kg, sininen elastinen"},"content":{"rendered":"<p>Kiinte\u00e4 teollisuuspy\u00f6r\u00e4, runko puristettua ter\u00e4st\u00e4, sinkitty, kaksoiskuulalaakeroitu k\u00e4\u00e4nt\u00f6p\u00e4\u00e4, py\u00f6r\u00e4n akseli mutterilla, k\u00e4\u00e4nt\u00f6laakerin suoja, laippakiinnitys. Py\u00f6r\u00e4n keski\u00f6 polyamidia, juoksupinta: elastinen, j\u00e4lki\u00e4 j\u00e4tt\u00e4m\u00e4t\u00f6n, rullalaakerilla. Kantavuus liikkeess\u00e4 jopa 160 kg. Staattinen kuormitus saa olla jopa 320 kg. Sininen elastinen pinta ei v\u00e4rj\u00e4\u00e4 lattiaa pitk\u00e4ss\u00e4 seisonnassa (toisin kuin esim. normaali musta kumi). Tunnetaan my\u00f6s ns. roudaripy\u00f6r\u00e4n\u00e4.<\/p>\n","protected":false},"excerpt":{"rendered":"<p>Kiinte\u00e4 \u2300 100mm sinkitty max Teollisuuspy\u00f6r\u00e4<\/p>\n","protected":false},"featured_media":2769,"comment_status":"closed","ping_status":"closed","template":"","meta":[],"product_brand":[],"product_cat":[15],"product_tag":[814],"class_list":{"0":"post-2768","1":"product","2":"type-product","3":"status-publish","4":"has-post-thumbnail","6":"product_cat-uncategorized","7":"product_tag-teollisuuspyorat","9":"first","10":"outofstock","11":"purchasable","12":"product-type-simple"},"jetpack_sharing_enabled":true,"_links":{"self":[{"href":"https:\/\/www.hypertera.com\/index.php?rest_route=\/wp\/v2\/product\/2768","targetHints":{"allow":["GET"]}}],"collection":[{"href":"https:\/\/www.hypertera.com\/index.php?rest_route=\/wp\/v2\/product"}],"about":[{"href":"https:\/\/www.hypertera.com\/index.php?rest_route=\/wp\/v2\/types\/product"}],"replies":[{"embeddable":true,"href":"https:\/\/www.hypertera.com\/index.php?rest_route=%2Fwp%2Fv2%2Fcomments&post=2768"}],"wp:featuredmedia":[{"embeddable":true,"href":"https:\/\/www.hypertera.com\/index.php?rest_route=\/wp\/v2\/media\/2769"}],"wp:attachment":[{"href":"https:\/\/www.hypertera.com\/index.php?rest_route=%2Fwp%2Fv2%2Fmedia&parent=2768"}],"wp:term":[{"taxonomy":"product_brand","embeddable":true,"href":"https:\/\/www.hypertera.com\/index.php?rest_route=%2Fwp%2Fv2%2Fproduct_brand&post=2768"},{"taxonomy":"product_cat","embeddable":true,"href":"https:\/\/www.hypertera.com\/index.php?rest_route=%2Fwp%2Fv2%2Fproduct_cat&post=2768"},{"taxonomy":"product_tag","embeddable":true,"href":"https:\/\/www.hypertera.com\/index.php?rest_route=%2Fwp%2Fv2%2Fproduct_tag&post=2768"}],"curies":[{"name":"wp","href":"https:\/\/api.w.org\/{rel}","templated":true}]}}