{"id":2757,"date":"2022-07-21T15:29:39","date_gmt":"2022-07-21T15:29:39","guid":{"rendered":"https:\/\/www.hypertera.com\/?product=teippimerkki-post-it-merkkaaja-670-4n-20x38mm-4-varia"},"modified":"2022-07-21T15:29:41","modified_gmt":"2022-07-21T15:29:41","slug":"teippimerkki-post-it-merkkaaja-670-4n-20x38mm-4-varia","status":"publish","type":"product","link":"https:\/\/www.hypertera.com\/?product=teippimerkki-post-it-merkkaaja-670-4n-20x38mm-4-varia","title":{"rendered":"Teippimerkki, Post-It Merkkaaja, 670\/4n 20x38mm, 4 v\u00e4ri\u00e4"},"content":{"rendered":"<p>4&#215;50 kpl, koko 20&#215;38 mm. Neonv\u00e4rit pinkki, vihre\u00e4, keltainen ja oranssi.<\/p>\n","protected":false},"excerpt":{"rendered":"<p>4&#215;50 kpl, koko 20&#215;38 mm. Neonv\u00e4rit pinkki, vihre\u00e4, keltainen ja oranssi.<\/p>\n","protected":false},"featured_media":2758,"comment_status":"closed","ping_status":"closed","template":"","meta":[],"product_brand":[],"product_cat":[805,30,16,293],"product_tag":[806],"class_list":{"0":"post-2757","1":"product","2":"type-product","3":"status-publish","4":"has-post-thumbnail","6":"product_cat-teippimerkit","7":"product_cat-toimistotarvikkeet","8":"product_cat-tuotteet","9":"product_cat-tyopistetarvikkeet","10":"product_tag-teippimerkit","12":"first","13":"instock","14":"purchasable","15":"product-type-simple"},"jetpack_sharing_enabled":true,"_links":{"self":[{"href":"https:\/\/www.hypertera.com\/index.php?rest_route=\/wp\/v2\/product\/2757","targetHints":{"allow":["GET"]}}],"collection":[{"href":"https:\/\/www.hypertera.com\/index.php?rest_route=\/wp\/v2\/product"}],"about":[{"href":"https:\/\/www.hypertera.com\/index.php?rest_route=\/wp\/v2\/types\/product"}],"replies":[{"embeddable":true,"href":"https:\/\/www.hypertera.com\/index.php?rest_route=%2Fwp%2Fv2%2Fcomments&post=2757"}],"wp:featuredmedia":[{"embeddable":true,"href":"https:\/\/www.hypertera.com\/index.php?rest_route=\/wp\/v2\/media\/2758"}],"wp:attachment":[{"href":"https:\/\/www.hypertera.com\/index.php?rest_route=%2Fwp%2Fv2%2Fmedia&parent=2757"}],"wp:term":[{"taxonomy":"product_brand","embeddable":true,"href":"https:\/\/www.hypertera.com\/index.php?rest_route=%2Fwp%2Fv2%2Fproduct_brand&post=2757"},{"taxonomy":"product_cat","embeddable":true,"href":"https:\/\/www.hypertera.com\/index.php?rest_route=%2Fwp%2Fv2%2Fproduct_cat&post=2757"},{"taxonomy":"product_tag","embeddable":true,"href":"https:\/\/www.hypertera.com\/index.php?rest_route=%2Fwp%2Fv2%2Fproduct_tag&post=2757"}],"curies":[{"name":"wp","href":"https:\/\/api.w.org\/{rel}","templated":true}]}}