{"id":2753,"date":"2022-07-21T15:29:10","date_gmt":"2022-07-21T15:29:10","guid":{"rendered":"https:\/\/www.hypertera.com\/?product=teippimerkki-neonvarilajitelma-20mm50mm-4x40-kpl"},"modified":"2022-07-21T15:29:31","modified_gmt":"2022-07-21T15:29:31","slug":"teippimerkki-neonvarilajitelma-20mm50mm-4x40-kpl","status":"publish","type":"product","link":"https:\/\/www.hypertera.com\/?product=teippimerkki-neonvarilajitelma-20mm50mm-4x40-kpl","title":{"rendered":"Teippimerkki, Neonv\u00e4rilajitelma, 20mm*50mm, 4&#215;40 kpl"},"content":{"rendered":"<p>Neonv\u00e4rilajitelma teippimerkkej\u00e4. Nelj\u00e4 eri v\u00e4ri\u00e4, 40 kpl. Sopivat uudelleen kiinnitykseen eiv\u00e4tk\u00e4 j\u00e4t\u00e4 liimaj\u00e4lki\u00e4. Koko 20 x 50 mm.<\/p>\n","protected":false},"excerpt":{"rendered":"<p>F-Office Teippimerkki<\/p>\n","protected":false},"featured_media":2754,"comment_status":"closed","ping_status":"closed","template":"","meta":[],"product_brand":[],"product_cat":[805,30,16,293],"product_tag":[806],"class_list":{"0":"post-2753","1":"product","2":"type-product","3":"status-publish","4":"has-post-thumbnail","6":"product_cat-teippimerkit","7":"product_cat-toimistotarvikkeet","8":"product_cat-tuotteet","9":"product_cat-tyopistetarvikkeet","10":"product_tag-teippimerkit","12":"first","13":"instock","14":"purchasable","15":"product-type-simple"},"jetpack_sharing_enabled":true,"_links":{"self":[{"href":"https:\/\/www.hypertera.com\/index.php?rest_route=\/wp\/v2\/product\/2753","targetHints":{"allow":["GET"]}}],"collection":[{"href":"https:\/\/www.hypertera.com\/index.php?rest_route=\/wp\/v2\/product"}],"about":[{"href":"https:\/\/www.hypertera.com\/index.php?rest_route=\/wp\/v2\/types\/product"}],"replies":[{"embeddable":true,"href":"https:\/\/www.hypertera.com\/index.php?rest_route=%2Fwp%2Fv2%2Fcomments&post=2753"}],"wp:featuredmedia":[{"embeddable":true,"href":"https:\/\/www.hypertera.com\/index.php?rest_route=\/wp\/v2\/media\/2754"}],"wp:attachment":[{"href":"https:\/\/www.hypertera.com\/index.php?rest_route=%2Fwp%2Fv2%2Fmedia&parent=2753"}],"wp:term":[{"taxonomy":"product_brand","embeddable":true,"href":"https:\/\/www.hypertera.com\/index.php?rest_route=%2Fwp%2Fv2%2Fproduct_brand&post=2753"},{"taxonomy":"product_cat","embeddable":true,"href":"https:\/\/www.hypertera.com\/index.php?rest_route=%2Fwp%2Fv2%2Fproduct_cat&post=2753"},{"taxonomy":"product_tag","embeddable":true,"href":"https:\/\/www.hypertera.com\/index.php?rest_route=%2Fwp%2Fv2%2Fproduct_tag&post=2753"}],"curies":[{"name":"wp","href":"https:\/\/api.w.org\/{rel}","templated":true}]}}