{"id":2747,"date":"2022-07-21T15:29:10","date_gmt":"2022-07-21T15:29:10","guid":{"rendered":"https:\/\/www.hypertera.com\/?product=teippimerkki-annostelijalla-4425mm-muovi-oranssi-1-nid-50"},"modified":"2022-07-21T15:29:16","modified_gmt":"2022-07-21T15:29:16","slug":"teippimerkki-annostelijalla-4425mm-muovi-oranssi-1-nid-50","status":"publish","type":"product","link":"https:\/\/www.hypertera.com\/?product=teippimerkki-annostelijalla-4425mm-muovi-oranssi-1-nid-50","title":{"rendered":"Teippimerkki annostelijalla, 44*25mm, muovi, oranssi, 1 nid\/50"},"content":{"rendered":"<p>50 kappaletta muovisia teippimerkkej\u00e4 kertak\u00e4ytt\u00f6isess\u00e4 annostelijassa. Yksitt\u00e4isen teippimerkin koko on 44*25 mm. Teippimerkin reunan v\u00e4ri on oranssi.<\/p>\n","protected":false},"excerpt":{"rendered":"<p>Oranssi  44*25mm muovi Teippimerkki, 1 nid\/50<\/p>\n","protected":false},"featured_media":2748,"comment_status":"closed","ping_status":"closed","template":"","meta":[],"product_brand":[],"product_cat":[805,30,16,293],"product_tag":[806],"class_list":{"0":"post-2747","1":"product","2":"type-product","3":"status-publish","4":"has-post-thumbnail","6":"product_cat-teippimerkit","7":"product_cat-toimistotarvikkeet","8":"product_cat-tuotteet","9":"product_cat-tyopistetarvikkeet","10":"product_tag-teippimerkit","12":"first","13":"instock","14":"purchasable","15":"product-type-simple"},"jetpack_sharing_enabled":true,"_links":{"self":[{"href":"https:\/\/www.hypertera.com\/index.php?rest_route=\/wp\/v2\/product\/2747","targetHints":{"allow":["GET"]}}],"collection":[{"href":"https:\/\/www.hypertera.com\/index.php?rest_route=\/wp\/v2\/product"}],"about":[{"href":"https:\/\/www.hypertera.com\/index.php?rest_route=\/wp\/v2\/types\/product"}],"replies":[{"embeddable":true,"href":"https:\/\/www.hypertera.com\/index.php?rest_route=%2Fwp%2Fv2%2Fcomments&post=2747"}],"wp:featuredmedia":[{"embeddable":true,"href":"https:\/\/www.hypertera.com\/index.php?rest_route=\/wp\/v2\/media\/2748"}],"wp:attachment":[{"href":"https:\/\/www.hypertera.com\/index.php?rest_route=%2Fwp%2Fv2%2Fmedia&parent=2747"}],"wp:term":[{"taxonomy":"product_brand","embeddable":true,"href":"https:\/\/www.hypertera.com\/index.php?rest_route=%2Fwp%2Fv2%2Fproduct_brand&post=2747"},{"taxonomy":"product_cat","embeddable":true,"href":"https:\/\/www.hypertera.com\/index.php?rest_route=%2Fwp%2Fv2%2Fproduct_cat&post=2747"},{"taxonomy":"product_tag","embeddable":true,"href":"https:\/\/www.hypertera.com\/index.php?rest_route=%2Fwp%2Fv2%2Fproduct_tag&post=2747"}],"curies":[{"name":"wp","href":"https:\/\/api.w.org\/{rel}","templated":true}]}}