{"id":273,"date":"2022-07-21T14:04:38","date_gmt":"2022-07-21T14:04:38","guid":{"rendered":"https:\/\/www.hypertera.com\/?product=firewire-kaapeli-firewire-800-18m-musta"},"modified":"2022-07-21T14:05:03","modified_gmt":"2022-07-21T14:05:03","slug":"firewire-kaapeli-firewire-800-18m-musta","status":"publish","type":"product","link":"https:\/\/www.hypertera.com\/?product=firewire-kaapeli-firewire-800-18m-musta","title":{"rendered":"FireWire-kaapeli, Firewire 800, 1,8m, musta"},"content":{"rendered":"<p>1.8 metri\u00e4 pitk\u00e4 FireWire 800 kaapeli 9pinnisill\u00e4 liittimill\u00e4.<\/p>\n","protected":false},"excerpt":{"rendered":"<p>Musta Firewire 800 1 8m FireWire-kaapeli<\/p>\n","protected":false},"featured_media":274,"comment_status":"closed","ping_status":"closed","template":"","meta":[],"product_brand":[],"product_cat":[15],"product_tag":[134],"class_list":{"0":"post-273","1":"product","2":"type-product","3":"status-publish","4":"has-post-thumbnail","6":"product_cat-uncategorized","7":"product_tag-firewire-kaapelit","9":"first","10":"instock","11":"purchasable","12":"product-type-simple"},"jetpack_sharing_enabled":true,"_links":{"self":[{"href":"https:\/\/www.hypertera.com\/index.php?rest_route=\/wp\/v2\/product\/273","targetHints":{"allow":["GET"]}}],"collection":[{"href":"https:\/\/www.hypertera.com\/index.php?rest_route=\/wp\/v2\/product"}],"about":[{"href":"https:\/\/www.hypertera.com\/index.php?rest_route=\/wp\/v2\/types\/product"}],"replies":[{"embeddable":true,"href":"https:\/\/www.hypertera.com\/index.php?rest_route=%2Fwp%2Fv2%2Fcomments&post=273"}],"wp:featuredmedia":[{"embeddable":true,"href":"https:\/\/www.hypertera.com\/index.php?rest_route=\/wp\/v2\/media\/274"}],"wp:attachment":[{"href":"https:\/\/www.hypertera.com\/index.php?rest_route=%2Fwp%2Fv2%2Fmedia&parent=273"}],"wp:term":[{"taxonomy":"product_brand","embeddable":true,"href":"https:\/\/www.hypertera.com\/index.php?rest_route=%2Fwp%2Fv2%2Fproduct_brand&post=273"},{"taxonomy":"product_cat","embeddable":true,"href":"https:\/\/www.hypertera.com\/index.php?rest_route=%2Fwp%2Fv2%2Fproduct_cat&post=273"},{"taxonomy":"product_tag","embeddable":true,"href":"https:\/\/www.hypertera.com\/index.php?rest_route=%2Fwp%2Fv2%2Fproduct_tag&post=273"}],"curies":[{"name":"wp","href":"https:\/\/api.w.org\/{rel}","templated":true}]}}