{"id":2719,"date":"2022-07-21T15:28:34","date_gmt":"2022-07-21T15:28:34","guid":{"rendered":"https:\/\/www.hypertera.com\/?product=teippi-12-mm-x-10-m"},"modified":"2022-07-21T15:28:42","modified_gmt":"2022-07-21T15:28:42","slug":"teippi-12-mm-x-10-m","status":"publish","type":"product","link":"https:\/\/www.hypertera.com\/?product=teippi-12-mm-x-10-m","title":{"rendered":"Teippi, 12 mm x 10 m"},"content":{"rendered":"<p>L\u00e4pin\u00e4kyv\u00e4 toimistoteippi. Leveys 12 mm. Rullassa 10 metri\u00e4 teippi\u00e4. Valmistettu polypropeenist\u00e4.<\/p>\n","protected":false},"excerpt":{"rendered":"<p>Teippi, 12 mm x 10 m<\/p>\n","protected":false},"featured_media":2720,"comment_status":"closed","ping_status":"closed","template":"","meta":[],"product_brand":[],"product_cat":[64,65,63,67,66,16,799],"product_tag":[800],"class_list":{"0":"post-2719","1":"product","2":"type-product","3":"status-publish","4":"has-post-thumbnail","6":"product_cat-askartelu","7":"product_cat-askarteluvalineettuotteet","8":"product_cat-kotiin-ja-lahjaksi","9":"product_cat-teipit-liimat-ja-korjaustarvikkeet","10":"product_cat-toimistotarvikkeet-askarteluvalineettuotteet","11":"product_cat-tuotteet","12":"product_cat-yleisteipit","13":"product_tag-teipit","15":"first","16":"instock","17":"purchasable","18":"product-type-simple"},"jetpack_sharing_enabled":true,"_links":{"self":[{"href":"https:\/\/www.hypertera.com\/index.php?rest_route=\/wp\/v2\/product\/2719","targetHints":{"allow":["GET"]}}],"collection":[{"href":"https:\/\/www.hypertera.com\/index.php?rest_route=\/wp\/v2\/product"}],"about":[{"href":"https:\/\/www.hypertera.com\/index.php?rest_route=\/wp\/v2\/types\/product"}],"replies":[{"embeddable":true,"href":"https:\/\/www.hypertera.com\/index.php?rest_route=%2Fwp%2Fv2%2Fcomments&post=2719"}],"wp:featuredmedia":[{"embeddable":true,"href":"https:\/\/www.hypertera.com\/index.php?rest_route=\/wp\/v2\/media\/2720"}],"wp:attachment":[{"href":"https:\/\/www.hypertera.com\/index.php?rest_route=%2Fwp%2Fv2%2Fmedia&parent=2719"}],"wp:term":[{"taxonomy":"product_brand","embeddable":true,"href":"https:\/\/www.hypertera.com\/index.php?rest_route=%2Fwp%2Fv2%2Fproduct_brand&post=2719"},{"taxonomy":"product_cat","embeddable":true,"href":"https:\/\/www.hypertera.com\/index.php?rest_route=%2Fwp%2Fv2%2Fproduct_cat&post=2719"},{"taxonomy":"product_tag","embeddable":true,"href":"https:\/\/www.hypertera.com\/index.php?rest_route=%2Fwp%2Fv2%2Fproduct_tag&post=2719"}],"curies":[{"name":"wp","href":"https:\/\/api.w.org\/{rel}","templated":true}]}}