{"id":2717,"date":"2022-07-21T15:28:34","date_gmt":"2022-07-21T15:28:34","guid":{"rendered":"https:\/\/www.hypertera.com\/?product=teipin-katkoja-teippi-19mm-x-10m"},"modified":"2022-07-21T15:28:36","modified_gmt":"2022-07-21T15:28:36","slug":"teipin-katkoja-teippi-19mm-x-10m","status":"publish","type":"product","link":"https:\/\/www.hypertera.com\/?product=teipin-katkoja-teippi-19mm-x-10m","title":{"rendered":"Teipin katkoja + teippi, 19mm x 10m"},"content":{"rendered":"<p>K\u00e4tev\u00e4 katkoja 19 mm leve\u00e4lle toimistoteipille. L\u00e4pin\u00e4kyv\u00e4\u00e4 muovia, joten n\u00e4et helposti kuinka paljon teippi\u00e4 on j\u00e4ljell\u00e4. Mukana 10 metri\u00e4 19 mm toimistoteippi\u00e4.<\/p>\n","protected":false},"excerpt":{"rendered":"<p>F-Office 19mm Teipin katkoja<\/p>\n","protected":false},"featured_media":2718,"comment_status":"closed","ping_status":"closed","template":"","meta":[],"product_brand":[],"product_cat":[15],"product_tag":[798],"class_list":{"0":"post-2717","1":"product","2":"type-product","3":"status-publish","4":"has-post-thumbnail","6":"product_cat-uncategorized","7":"product_tag-teipin-katkojat","9":"first","10":"instock","11":"purchasable","12":"product-type-simple"},"jetpack_sharing_enabled":true,"_links":{"self":[{"href":"https:\/\/www.hypertera.com\/index.php?rest_route=\/wp\/v2\/product\/2717","targetHints":{"allow":["GET"]}}],"collection":[{"href":"https:\/\/www.hypertera.com\/index.php?rest_route=\/wp\/v2\/product"}],"about":[{"href":"https:\/\/www.hypertera.com\/index.php?rest_route=\/wp\/v2\/types\/product"}],"replies":[{"embeddable":true,"href":"https:\/\/www.hypertera.com\/index.php?rest_route=%2Fwp%2Fv2%2Fcomments&post=2717"}],"wp:featuredmedia":[{"embeddable":true,"href":"https:\/\/www.hypertera.com\/index.php?rest_route=\/wp\/v2\/media\/2718"}],"wp:attachment":[{"href":"https:\/\/www.hypertera.com\/index.php?rest_route=%2Fwp%2Fv2%2Fmedia&parent=2717"}],"wp:term":[{"taxonomy":"product_brand","embeddable":true,"href":"https:\/\/www.hypertera.com\/index.php?rest_route=%2Fwp%2Fv2%2Fproduct_brand&post=2717"},{"taxonomy":"product_cat","embeddable":true,"href":"https:\/\/www.hypertera.com\/index.php?rest_route=%2Fwp%2Fv2%2Fproduct_cat&post=2717"},{"taxonomy":"product_tag","embeddable":true,"href":"https:\/\/www.hypertera.com\/index.php?rest_route=%2Fwp%2Fv2%2Fproduct_tag&post=2717"}],"curies":[{"name":"wp","href":"https:\/\/api.w.org\/{rel}","templated":true}]}}