{"id":2715,"date":"2022-07-21T15:28:34","date_gmt":"2022-07-21T15:28:34","guid":{"rendered":"https:\/\/www.hypertera.com\/?product=tehotassu-scotch-brite-1-pkt-2"},"modified":"2022-07-21T15:28:34","modified_gmt":"2022-07-21T15:28:34","slug":"tehotassu-scotch-brite-1-pkt-2","status":"publish","type":"product","link":"https:\/\/www.hypertera.com\/?product=tehotassu-scotch-brite-1-pkt-2","title":{"rendered":"Tehotassu, Scotch-Brite, 1 pkt\/2"},"content":{"rendered":"<p>Pinttyneen ja vaikean lian poistoon. Poistaa p\u00f6lyn, lian, kyn\u00e4n- ja sormenj\u00e4ljet, v\u00e4rj\u00e4ym\u00e4t, likatahrat, noen jne. Soveltuu useimmille pinnoille: lasi, ter\u00e4s, puu, muovi jne.<\/p>\n","protected":false},"excerpt":{"rendered":"<p>Pinttyneen ja vaikean lian poistoon. Poistaa p\u00f6lyn, lian, kyn\u00e4n- ja sormenj\u00e4ljet, v\u00e4rj\u00e4ym\u00e4t, likatahrat, noen jne. Soveltuu useimmille pinnoille: lasi, ter\u00e4s, puu, muovi jne.<\/p>\n","protected":false},"featured_media":2716,"comment_status":"closed","ping_status":"closed","template":"","meta":[],"product_brand":[],"product_cat":[767,796,196,195,16],"product_tag":[797],"class_list":{"0":"post-2715","1":"product","2":"type-product","3":"status-publish","4":"has-post-thumbnail","6":"product_cat-muut-tuotteet-siivous-ja-keittiotarvikkeettuotteet","7":"product_cat-puhdistusvalineet-muut-tuotteet-siivous-ja-keittiotarvikkeettuotteet","8":"product_cat-siivous-ja-keittiotarvikkeettuotteet","9":"product_cat-taloustarvikkeet","10":"product_cat-tuotteet","11":"product_tag-tehotassut","13":"first","14":"instock","15":"purchasable","16":"product-type-simple"},"jetpack_sharing_enabled":true,"_links":{"self":[{"href":"https:\/\/www.hypertera.com\/index.php?rest_route=\/wp\/v2\/product\/2715","targetHints":{"allow":["GET"]}}],"collection":[{"href":"https:\/\/www.hypertera.com\/index.php?rest_route=\/wp\/v2\/product"}],"about":[{"href":"https:\/\/www.hypertera.com\/index.php?rest_route=\/wp\/v2\/types\/product"}],"replies":[{"embeddable":true,"href":"https:\/\/www.hypertera.com\/index.php?rest_route=%2Fwp%2Fv2%2Fcomments&post=2715"}],"wp:featuredmedia":[{"embeddable":true,"href":"https:\/\/www.hypertera.com\/index.php?rest_route=\/wp\/v2\/media\/2716"}],"wp:attachment":[{"href":"https:\/\/www.hypertera.com\/index.php?rest_route=%2Fwp%2Fv2%2Fmedia&parent=2715"}],"wp:term":[{"taxonomy":"product_brand","embeddable":true,"href":"https:\/\/www.hypertera.com\/index.php?rest_route=%2Fwp%2Fv2%2Fproduct_brand&post=2715"},{"taxonomy":"product_cat","embeddable":true,"href":"https:\/\/www.hypertera.com\/index.php?rest_route=%2Fwp%2Fv2%2Fproduct_cat&post=2715"},{"taxonomy":"product_tag","embeddable":true,"href":"https:\/\/www.hypertera.com\/index.php?rest_route=%2Fwp%2Fv2%2Fproduct_tag&post=2715"}],"curies":[{"name":"wp","href":"https:\/\/api.w.org\/{rel}","templated":true}]}}