{"id":2713,"date":"2022-07-21T15:28:26","date_gmt":"2022-07-21T15:28:26","guid":{"rendered":"https:\/\/www.hypertera.com\/?product=taustapaperirullan-pidike-puristusmekanismilla"},"modified":"2022-07-21T15:28:30","modified_gmt":"2022-07-21T15:28:30","slug":"taustapaperirullan-pidike-puristusmekanismilla","status":"publish","type":"product","link":"https:\/\/www.hypertera.com\/?product=taustapaperirullan-pidike-puristusmekanismilla","title":{"rendered":"Taustapaperirullan pidike puristusmekanismilla"},"content":{"rendered":"<p>Kaksi taustakankaan kiinnikett\u00e4 puristusmekanismilla. N\u00e4iden avulla voit kiinnitt\u00e4\u00e4 taustakangasrullan esimerkiksi valaisinjalustoihin. Huomaa, ett\u00e4 taustakangaspaperirullan kiinnitt\u00e4miseksi tarvitset my\u00f6s sopivan adapterin paperirullan pahvihylsyyn. Taitettavien valaisinjalustojen kanssa n\u00e4m\u00e4 ovat k\u00e4tev\u00e4t mukana kuljetettava setti.<\/p>\n","protected":false},"excerpt":{"rendered":"<p>Taustapaperirullan pidike puristusmekanismilla<\/p>\n","protected":false},"featured_media":2714,"comment_status":"closed","ping_status":"closed","template":"","meta":[],"product_brand":[],"product_cat":[15],"product_tag":[793],"class_list":{"0":"post-2713","1":"product","2":"type-product","3":"status-publish","4":"has-post-thumbnail","6":"product_cat-uncategorized","7":"product_tag-taustakankaan-pidikkeet","9":"first","10":"instock","11":"purchasable","12":"product-type-simple"},"jetpack_sharing_enabled":true,"_links":{"self":[{"href":"https:\/\/www.hypertera.com\/index.php?rest_route=\/wp\/v2\/product\/2713","targetHints":{"allow":["GET"]}}],"collection":[{"href":"https:\/\/www.hypertera.com\/index.php?rest_route=\/wp\/v2\/product"}],"about":[{"href":"https:\/\/www.hypertera.com\/index.php?rest_route=\/wp\/v2\/types\/product"}],"replies":[{"embeddable":true,"href":"https:\/\/www.hypertera.com\/index.php?rest_route=%2Fwp%2Fv2%2Fcomments&post=2713"}],"wp:featuredmedia":[{"embeddable":true,"href":"https:\/\/www.hypertera.com\/index.php?rest_route=\/wp\/v2\/media\/2714"}],"wp:attachment":[{"href":"https:\/\/www.hypertera.com\/index.php?rest_route=%2Fwp%2Fv2%2Fmedia&parent=2713"}],"wp:term":[{"taxonomy":"product_brand","embeddable":true,"href":"https:\/\/www.hypertera.com\/index.php?rest_route=%2Fwp%2Fv2%2Fproduct_brand&post=2713"},{"taxonomy":"product_cat","embeddable":true,"href":"https:\/\/www.hypertera.com\/index.php?rest_route=%2Fwp%2Fv2%2Fproduct_cat&post=2713"},{"taxonomy":"product_tag","embeddable":true,"href":"https:\/\/www.hypertera.com\/index.php?rest_route=%2Fwp%2Fv2%2Fproduct_tag&post=2713"}],"curies":[{"name":"wp","href":"https:\/\/api.w.org\/{rel}","templated":true}]}}