{"id":2711,"date":"2022-07-21T15:28:26","date_gmt":"2022-07-21T15:28:26","guid":{"rendered":"https:\/\/www.hypertera.com\/?product=taustapaperirullan-keskiorulla-linkstar"},"modified":"2022-07-21T15:28:29","modified_gmt":"2022-07-21T15:28:29","slug":"taustapaperirullan-keskiorulla-linkstar","status":"publish","type":"product","link":"https:\/\/www.hypertera.com\/?product=taustapaperirullan-keskiorulla-linkstar","title":{"rendered":"Taustapaperirullan keski\u00f6rulla, Linkstar"},"content":{"rendered":"<p>Taustakankaan keski\u00f6rullan avulla saat k\u00e4tev\u00e4n jarrun ja vetonauhan taustapaperirullalle. Vetonauhan pituus on 1.9 metri\u00e4. Kiinnikkeeksi soveltuu muun muassa Linkstar BSH-3, mutta my\u00f6s muut vastaavat kiinnikkeet.<\/p>\n","protected":false},"excerpt":{"rendered":"<p>Linkstar Taustapaperirullan keski\u00f6rulla<\/p>\n","protected":false},"featured_media":2712,"comment_status":"closed","ping_status":"closed","template":"","meta":[],"product_brand":[],"product_cat":[15],"product_tag":[795],"class_list":{"0":"post-2711","1":"product","2":"type-product","3":"status-publish","4":"has-post-thumbnail","6":"product_cat-uncategorized","7":"product_tag-taustapaperirullan-keskiorullat","9":"first","10":"instock","11":"purchasable","12":"product-type-simple"},"jetpack_sharing_enabled":true,"_links":{"self":[{"href":"https:\/\/www.hypertera.com\/index.php?rest_route=\/wp\/v2\/product\/2711","targetHints":{"allow":["GET"]}}],"collection":[{"href":"https:\/\/www.hypertera.com\/index.php?rest_route=\/wp\/v2\/product"}],"about":[{"href":"https:\/\/www.hypertera.com\/index.php?rest_route=\/wp\/v2\/types\/product"}],"replies":[{"embeddable":true,"href":"https:\/\/www.hypertera.com\/index.php?rest_route=%2Fwp%2Fv2%2Fcomments&post=2711"}],"wp:featuredmedia":[{"embeddable":true,"href":"https:\/\/www.hypertera.com\/index.php?rest_route=\/wp\/v2\/media\/2712"}],"wp:attachment":[{"href":"https:\/\/www.hypertera.com\/index.php?rest_route=%2Fwp%2Fv2%2Fmedia&parent=2711"}],"wp:term":[{"taxonomy":"product_brand","embeddable":true,"href":"https:\/\/www.hypertera.com\/index.php?rest_route=%2Fwp%2Fv2%2Fproduct_brand&post=2711"},{"taxonomy":"product_cat","embeddable":true,"href":"https:\/\/www.hypertera.com\/index.php?rest_route=%2Fwp%2Fv2%2Fproduct_cat&post=2711"},{"taxonomy":"product_tag","embeddable":true,"href":"https:\/\/www.hypertera.com\/index.php?rest_route=%2Fwp%2Fv2%2Fproduct_tag&post=2711"}],"curies":[{"name":"wp","href":"https:\/\/api.w.org\/{rel}","templated":true}]}}