{"id":271,"date":"2022-07-21T14:04:38","date_gmt":"2022-07-21T14:04:38","guid":{"rendered":"https:\/\/www.hypertera.com\/?product=firewire-kaapeli-4-pinninen-liitin-4-5m-harmaa"},"modified":"2022-07-21T14:04:52","modified_gmt":"2022-07-21T14:04:52","slug":"firewire-kaapeli-4-pinninen-liitin-4-5m-harmaa","status":"publish","type":"product","link":"https:\/\/www.hypertera.com\/?product=firewire-kaapeli-4-pinninen-liitin-4-5m-harmaa","title":{"rendered":"FireWire-kaapeli, 4-pinninen liitin, 4.5m, harmaa"},"content":{"rendered":"<p>4.5 metri\u00e4 pitk\u00e4 FireWire kaapeli 4 pinnisill\u00e4 liittimill\u00e4.<\/p>\n","protected":false},"excerpt":{"rendered":"<p>Harmaa 4-pinninen liitin 4.5m FireWire-kaapeli<\/p>\n","protected":false},"featured_media":272,"comment_status":"closed","ping_status":"closed","template":"","meta":[],"product_brand":[],"product_cat":[15],"product_tag":[134],"class_list":{"0":"post-271","1":"product","2":"type-product","3":"status-publish","4":"has-post-thumbnail","6":"product_cat-uncategorized","7":"product_tag-firewire-kaapelit","9":"first","10":"instock","11":"purchasable","12":"product-type-simple"},"jetpack_sharing_enabled":true,"_links":{"self":[{"href":"https:\/\/www.hypertera.com\/index.php?rest_route=\/wp\/v2\/product\/271","targetHints":{"allow":["GET"]}}],"collection":[{"href":"https:\/\/www.hypertera.com\/index.php?rest_route=\/wp\/v2\/product"}],"about":[{"href":"https:\/\/www.hypertera.com\/index.php?rest_route=\/wp\/v2\/types\/product"}],"replies":[{"embeddable":true,"href":"https:\/\/www.hypertera.com\/index.php?rest_route=%2Fwp%2Fv2%2Fcomments&post=271"}],"wp:featuredmedia":[{"embeddable":true,"href":"https:\/\/www.hypertera.com\/index.php?rest_route=\/wp\/v2\/media\/272"}],"wp:attachment":[{"href":"https:\/\/www.hypertera.com\/index.php?rest_route=%2Fwp%2Fv2%2Fmedia&parent=271"}],"wp:term":[{"taxonomy":"product_brand","embeddable":true,"href":"https:\/\/www.hypertera.com\/index.php?rest_route=%2Fwp%2Fv2%2Fproduct_brand&post=271"},{"taxonomy":"product_cat","embeddable":true,"href":"https:\/\/www.hypertera.com\/index.php?rest_route=%2Fwp%2Fv2%2Fproduct_cat&post=271"},{"taxonomy":"product_tag","embeddable":true,"href":"https:\/\/www.hypertera.com\/index.php?rest_route=%2Fwp%2Fv2%2Fproduct_tag&post=271"}],"curies":[{"name":"wp","href":"https:\/\/api.w.org\/{rel}","templated":true}]}}