{"id":2709,"date":"2022-07-21T15:28:26","date_gmt":"2022-07-21T15:28:26","guid":{"rendered":"https:\/\/www.hypertera.com\/?product=taustapaperirulla-2-75-x-11-m-chroma-green-vihrea"},"modified":"2022-07-21T15:28:28","modified_gmt":"2022-07-21T15:28:28","slug":"taustapaperirulla-2-75-x-11-m-chroma-green-vihrea","status":"publish","type":"product","link":"https:\/\/www.hypertera.com\/?product=taustapaperirulla-2-75-x-11-m-chroma-green-vihrea","title":{"rendered":"Taustapaperirulla, 2.75 x 11 m, chroma green \/ vihre\u00e4"},"content":{"rendered":"<p>Vihre\u00e4 (chroma green) 2.75 metri\u00e4 leve\u00e4 taustapaperirulla, jonka pituus on 11 metri\u00e4. Paperin paksuus on 135 g\/m2.  Chroma green on mm. videonk\u00e4sittelyohjelmien k\u00e4ytt\u00e4m\u00e4 v\u00e4ris\u00e4vy, kun halutaan vaihtaa taustaa digitaalisesti. Se n\u00e4ytt\u00e4\u00e4 my\u00f6s sopivasti valaistuna tai varjostettuna hienolta valokuvissa.  Huomaathan, ett\u00e4 paperin v\u00e4ri voi olla hieman erilainen kuin oheinen kuva, jothuen erilaisista n\u00e4ytt\u00f6jen v\u00e4riasetuksista.<\/p>\n","protected":false},"excerpt":{"rendered":"<p>Chroma green \/ vihre\u00e4 2.75 x 11 m Taustapaperirulla<\/p>\n","protected":false},"featured_media":2710,"comment_status":"closed","ping_status":"closed","template":"","meta":[],"product_brand":[],"product_cat":[15],"product_tag":[794],"class_list":{"0":"post-2709","1":"product","2":"type-product","3":"status-publish","4":"has-post-thumbnail","6":"product_cat-uncategorized","7":"product_tag-taustapaperirulla","9":"first","10":"outofstock","11":"purchasable","12":"product-type-simple"},"jetpack_sharing_enabled":true,"_links":{"self":[{"href":"https:\/\/www.hypertera.com\/index.php?rest_route=\/wp\/v2\/product\/2709","targetHints":{"allow":["GET"]}}],"collection":[{"href":"https:\/\/www.hypertera.com\/index.php?rest_route=\/wp\/v2\/product"}],"about":[{"href":"https:\/\/www.hypertera.com\/index.php?rest_route=\/wp\/v2\/types\/product"}],"replies":[{"embeddable":true,"href":"https:\/\/www.hypertera.com\/index.php?rest_route=%2Fwp%2Fv2%2Fcomments&post=2709"}],"wp:featuredmedia":[{"embeddable":true,"href":"https:\/\/www.hypertera.com\/index.php?rest_route=\/wp\/v2\/media\/2710"}],"wp:attachment":[{"href":"https:\/\/www.hypertera.com\/index.php?rest_route=%2Fwp%2Fv2%2Fmedia&parent=2709"}],"wp:term":[{"taxonomy":"product_brand","embeddable":true,"href":"https:\/\/www.hypertera.com\/index.php?rest_route=%2Fwp%2Fv2%2Fproduct_brand&post=2709"},{"taxonomy":"product_cat","embeddable":true,"href":"https:\/\/www.hypertera.com\/index.php?rest_route=%2Fwp%2Fv2%2Fproduct_cat&post=2709"},{"taxonomy":"product_tag","embeddable":true,"href":"https:\/\/www.hypertera.com\/index.php?rest_route=%2Fwp%2Fv2%2Fproduct_tag&post=2709"}],"curies":[{"name":"wp","href":"https:\/\/api.w.org\/{rel}","templated":true}]}}