{"id":2703,"date":"2022-07-21T15:28:18","date_gmt":"2022-07-21T15:28:18","guid":{"rendered":"https:\/\/www.hypertera.com\/?product=taustapaperirulla-2-75-11-m-arctic-white-valkoinen"},"modified":"2022-07-21T15:28:23","modified_gmt":"2022-07-21T15:28:23","slug":"taustapaperirulla-2-75-11-m-arctic-white-valkoinen","status":"publish","type":"product","link":"https:\/\/www.hypertera.com\/?product=taustapaperirulla-2-75-11-m-arctic-white-valkoinen","title":{"rendered":"Taustapaperirulla,  2.75 * 11 m, arctic white \/ valkoinen"},"content":{"rendered":"<p>Valkoinen 2.75 metri\u00e4 leve\u00e4 taustapaperirulla, jonka pituus on 11 metri\u00e4. Paperin paksuus on 135 g\/m2.<\/p>\n","protected":false},"excerpt":{"rendered":"<p>Arctic white \/ valkoinen 2.75 * 11 m Taustapaperirulla<\/p>\n","protected":false},"featured_media":2704,"comment_status":"closed","ping_status":"closed","template":"","meta":[],"product_brand":[],"product_cat":[15],"product_tag":[794],"class_list":{"0":"post-2703","1":"product","2":"type-product","3":"status-publish","4":"has-post-thumbnail","6":"product_cat-uncategorized","7":"product_tag-taustapaperirulla","9":"first","10":"outofstock","11":"purchasable","12":"product-type-simple"},"jetpack_sharing_enabled":true,"_links":{"self":[{"href":"https:\/\/www.hypertera.com\/index.php?rest_route=\/wp\/v2\/product\/2703","targetHints":{"allow":["GET"]}}],"collection":[{"href":"https:\/\/www.hypertera.com\/index.php?rest_route=\/wp\/v2\/product"}],"about":[{"href":"https:\/\/www.hypertera.com\/index.php?rest_route=\/wp\/v2\/types\/product"}],"replies":[{"embeddable":true,"href":"https:\/\/www.hypertera.com\/index.php?rest_route=%2Fwp%2Fv2%2Fcomments&post=2703"}],"wp:featuredmedia":[{"embeddable":true,"href":"https:\/\/www.hypertera.com\/index.php?rest_route=\/wp\/v2\/media\/2704"}],"wp:attachment":[{"href":"https:\/\/www.hypertera.com\/index.php?rest_route=%2Fwp%2Fv2%2Fmedia&parent=2703"}],"wp:term":[{"taxonomy":"product_brand","embeddable":true,"href":"https:\/\/www.hypertera.com\/index.php?rest_route=%2Fwp%2Fv2%2Fproduct_brand&post=2703"},{"taxonomy":"product_cat","embeddable":true,"href":"https:\/\/www.hypertera.com\/index.php?rest_route=%2Fwp%2Fv2%2Fproduct_cat&post=2703"},{"taxonomy":"product_tag","embeddable":true,"href":"https:\/\/www.hypertera.com\/index.php?rest_route=%2Fwp%2Fv2%2Fproduct_tag&post=2703"}],"curies":[{"name":"wp","href":"https:\/\/api.w.org\/{rel}","templated":true}]}}