{"id":2699,"date":"2022-07-21T15:28:18","date_gmt":"2022-07-21T15:28:18","guid":{"rendered":"https:\/\/www.hypertera.com\/?product=taustapaperin-pidike-3-rullalle"},"modified":"2022-07-21T15:28:20","modified_gmt":"2022-07-21T15:28:20","slug":"taustapaperin-pidike-3-rullalle","status":"publish","type":"product","link":"https:\/\/www.hypertera.com\/?product=taustapaperin-pidike-3-rullalle","title":{"rendered":"Taustapaperin pidike 3 rullalle"},"content":{"rendered":"<p>J\u00e4rjestelm\u00e4 taustakartonkirullien kiinnitykseen. Metallikiinnikkeet kiinnitet\u00e4\u00e4n sein\u00e4\u00e4n, ja adapterit kiinnitet\u00e4\u00e4n paperirullan hylsyyn. Mukana tulee ketjut, joiden avulla voit rullata kutakin taustakartonkia yl\u00f6s- tai alasp\u00e4in.<\/p>\n","protected":false},"excerpt":{"rendered":"<p>Taustapaperin pidike 3 rullalle<\/p>\n","protected":false},"featured_media":2700,"comment_status":"closed","ping_status":"closed","template":"","meta":[],"product_brand":[],"product_cat":[15],"product_tag":[793],"class_list":{"0":"post-2699","1":"product","2":"type-product","3":"status-publish","4":"has-post-thumbnail","6":"product_cat-uncategorized","7":"product_tag-taustakankaan-pidikkeet","9":"first","10":"instock","11":"purchasable","12":"product-type-simple"},"jetpack_sharing_enabled":true,"_links":{"self":[{"href":"https:\/\/www.hypertera.com\/index.php?rest_route=\/wp\/v2\/product\/2699","targetHints":{"allow":["GET"]}}],"collection":[{"href":"https:\/\/www.hypertera.com\/index.php?rest_route=\/wp\/v2\/product"}],"about":[{"href":"https:\/\/www.hypertera.com\/index.php?rest_route=\/wp\/v2\/types\/product"}],"replies":[{"embeddable":true,"href":"https:\/\/www.hypertera.com\/index.php?rest_route=%2Fwp%2Fv2%2Fcomments&post=2699"}],"wp:featuredmedia":[{"embeddable":true,"href":"https:\/\/www.hypertera.com\/index.php?rest_route=\/wp\/v2\/media\/2700"}],"wp:attachment":[{"href":"https:\/\/www.hypertera.com\/index.php?rest_route=%2Fwp%2Fv2%2Fmedia&parent=2699"}],"wp:term":[{"taxonomy":"product_brand","embeddable":true,"href":"https:\/\/www.hypertera.com\/index.php?rest_route=%2Fwp%2Fv2%2Fproduct_brand&post=2699"},{"taxonomy":"product_cat","embeddable":true,"href":"https:\/\/www.hypertera.com\/index.php?rest_route=%2Fwp%2Fv2%2Fproduct_cat&post=2699"},{"taxonomy":"product_tag","embeddable":true,"href":"https:\/\/www.hypertera.com\/index.php?rest_route=%2Fwp%2Fv2%2Fproduct_tag&post=2699"}],"curies":[{"name":"wp","href":"https:\/\/api.w.org\/{rel}","templated":true}]}}