{"id":2691,"date":"2022-07-21T15:27:42","date_gmt":"2022-07-21T15:27:42","guid":{"rendered":"https:\/\/www.hypertera.com\/?product=taulutussin-vaihtosailio-pilot-v-board-master-oranssi"},"modified":"2022-07-21T15:28:08","modified_gmt":"2022-07-21T15:28:08","slug":"taulutussin-vaihtosailio-pilot-v-board-master-oranssi","status":"publish","type":"product","link":"https:\/\/www.hypertera.com\/?product=taulutussin-vaihtosailio-pilot-v-board-master-oranssi","title":{"rendered":"Taulutussin vaihtos\u00e4ili\u00f6, Pilot V Board Master, oranssi"},"content":{"rendered":"<p>Vaihtos\u00e4ili\u00f6 Pilot V Board Master taulutusseihin, joka on valmistettu 100-prosenttisesti kierr\u00e4tetyst\u00e4 muovista. Katso yhteensopivat taulutussit: TTU-P17 Taulutussi, Pilot BG Board Master, py\u00f6re\u00e4, 5 v\u00e4ri\u00e4 TTU-P16 Taulutussi, Pilot BG Board Master, viisto, 5 v\u00e4ri\u00e4<\/p>\n","protected":false},"excerpt":{"rendered":"<p>Vaihtos\u00e4ili\u00f6 Pilot V Board Master taulutusseihin, joka on valmistettu 100-prosenttisesti kierr\u00e4tetyst\u00e4 muovista. Katso yhteensopivat taulutussit: TTU-P17 Taulutussi, Pilot BG Board Master, py\u00f6re\u00e4, 5 v\u00e4ri\u00e4 TTU-P16 Taulutussi, Pilot BG Board Master, viisto, 5 v\u00e4ri\u00e4<\/p>\n","protected":false},"featured_media":2692,"comment_status":"closed","ping_status":"closed","template":"","meta":[],"product_brand":[],"product_cat":[56,394,30,16],"product_tag":[792],"class_list":{"0":"post-2691","1":"product","2":"type-product","3":"status-publish","4":"has-post-thumbnail","6":"product_cat-kynat","7":"product_cat-kynien-vaihtosailiot","8":"product_cat-toimistotarvikkeet","9":"product_cat-tuotteet","10":"product_tag-taulutussin-vaihtosailiot","12":"first","13":"instock","14":"purchasable","15":"product-type-simple"},"jetpack_sharing_enabled":true,"_links":{"self":[{"href":"https:\/\/www.hypertera.com\/index.php?rest_route=\/wp\/v2\/product\/2691","targetHints":{"allow":["GET"]}}],"collection":[{"href":"https:\/\/www.hypertera.com\/index.php?rest_route=\/wp\/v2\/product"}],"about":[{"href":"https:\/\/www.hypertera.com\/index.php?rest_route=\/wp\/v2\/types\/product"}],"replies":[{"embeddable":true,"href":"https:\/\/www.hypertera.com\/index.php?rest_route=%2Fwp%2Fv2%2Fcomments&post=2691"}],"wp:featuredmedia":[{"embeddable":true,"href":"https:\/\/www.hypertera.com\/index.php?rest_route=\/wp\/v2\/media\/2692"}],"wp:attachment":[{"href":"https:\/\/www.hypertera.com\/index.php?rest_route=%2Fwp%2Fv2%2Fmedia&parent=2691"}],"wp:term":[{"taxonomy":"product_brand","embeddable":true,"href":"https:\/\/www.hypertera.com\/index.php?rest_route=%2Fwp%2Fv2%2Fproduct_brand&post=2691"},{"taxonomy":"product_cat","embeddable":true,"href":"https:\/\/www.hypertera.com\/index.php?rest_route=%2Fwp%2Fv2%2Fproduct_cat&post=2691"},{"taxonomy":"product_tag","embeddable":true,"href":"https:\/\/www.hypertera.com\/index.php?rest_route=%2Fwp%2Fv2%2Fproduct_tag&post=2691"}],"curies":[{"name":"wp","href":"https:\/\/api.w.org\/{rel}","templated":true}]}}