{"id":2685,"date":"2022-07-21T15:27:42","date_gmt":"2022-07-21T15:27:42","guid":{"rendered":"https:\/\/www.hypertera.com\/?product=taulutussi-pyorea-varilajitelma-1-srj-4"},"modified":"2022-07-21T15:27:42","modified_gmt":"2022-07-21T15:27:42","slug":"taulutussi-pyorea-varilajitelma-1-srj-4","status":"publish","type":"product","link":"https:\/\/www.hypertera.com\/?product=taulutussi-pyorea-varilajitelma-1-srj-4","title":{"rendered":"Taulutussi, Py\u00f6re\u00e4, v\u00e4rilajitelma, 1 srj\/4"},"content":{"rendered":"<p>Py\u00f6re\u00e4 akryylik\u00e4rki. Viivan leveys 3 mm. S\u00e4ilytet\u00e4\u00e4n vaakatasossa. V\u00e4rit sininen, punainen, vihre\u00e4 ja musta.<\/p>\n","protected":false},"excerpt":{"rendered":"<p>Py\u00f6re\u00e4 akryylik\u00e4rki. Viivan leveys 3 mm. S\u00e4ilytet\u00e4\u00e4n vaakatasossa. V\u00e4rit sininen, punainen, vihre\u00e4 ja musta.<\/p>\n","protected":false},"featured_media":2686,"comment_status":"closed","ping_status":"closed","template":"","meta":[],"product_brand":[],"product_cat":[56,790,30,16],"product_tag":[791],"class_list":{"0":"post-2685","1":"product","2":"type-product","3":"status-publish","4":"has-post-thumbnail","6":"product_cat-kynat","7":"product_cat-taulutussit","8":"product_cat-toimistotarvikkeet","9":"product_cat-tuotteet","10":"product_tag-taulutussit","12":"first","13":"instock","14":"purchasable","15":"product-type-simple"},"jetpack_sharing_enabled":true,"_links":{"self":[{"href":"https:\/\/www.hypertera.com\/index.php?rest_route=\/wp\/v2\/product\/2685","targetHints":{"allow":["GET"]}}],"collection":[{"href":"https:\/\/www.hypertera.com\/index.php?rest_route=\/wp\/v2\/product"}],"about":[{"href":"https:\/\/www.hypertera.com\/index.php?rest_route=\/wp\/v2\/types\/product"}],"replies":[{"embeddable":true,"href":"https:\/\/www.hypertera.com\/index.php?rest_route=%2Fwp%2Fv2%2Fcomments&post=2685"}],"wp:featuredmedia":[{"embeddable":true,"href":"https:\/\/www.hypertera.com\/index.php?rest_route=\/wp\/v2\/media\/2686"}],"wp:attachment":[{"href":"https:\/\/www.hypertera.com\/index.php?rest_route=%2Fwp%2Fv2%2Fmedia&parent=2685"}],"wp:term":[{"taxonomy":"product_brand","embeddable":true,"href":"https:\/\/www.hypertera.com\/index.php?rest_route=%2Fwp%2Fv2%2Fproduct_brand&post=2685"},{"taxonomy":"product_cat","embeddable":true,"href":"https:\/\/www.hypertera.com\/index.php?rest_route=%2Fwp%2Fv2%2Fproduct_cat&post=2685"},{"taxonomy":"product_tag","embeddable":true,"href":"https:\/\/www.hypertera.com\/index.php?rest_route=%2Fwp%2Fv2%2Fproduct_tag&post=2685"}],"curies":[{"name":"wp","href":"https:\/\/api.w.org\/{rel}","templated":true}]}}