{"id":2675,"date":"2022-07-21T15:27:06","date_gmt":"2022-07-21T15:27:06","guid":{"rendered":"https:\/\/www.hypertera.com\/?product=taulutussi-pyorea-musta"},"modified":"2022-07-21T15:27:06","modified_gmt":"2022-07-21T15:27:06","slug":"taulutussi-pyorea-musta","status":"publish","type":"product","link":"https:\/\/www.hypertera.com\/?product=taulutussi-pyorea-musta","title":{"rendered":"Taulutussi, py\u00f6re\u00e4, musta"},"content":{"rendered":"<p>Py\u00f6re\u00e4 akryylik\u00e4rki. Viivan leveys 3 mm. S\u00e4ilytet\u00e4\u00e4n vaakatasossa.<\/p>\n","protected":false},"excerpt":{"rendered":"<p>Py\u00f6re\u00e4 akryylik\u00e4rki. Viivan leveys 3 mm. S\u00e4ilytet\u00e4\u00e4n vaakatasossa.<\/p>\n","protected":false},"featured_media":2676,"comment_status":"closed","ping_status":"closed","template":"","meta":[],"product_brand":[],"product_cat":[56,790,30,16],"product_tag":[791],"class_list":{"0":"post-2675","1":"product","2":"type-product","3":"status-publish","4":"has-post-thumbnail","6":"product_cat-kynat","7":"product_cat-taulutussit","8":"product_cat-toimistotarvikkeet","9":"product_cat-tuotteet","10":"product_tag-taulutussit","12":"first","13":"instock","14":"purchasable","15":"product-type-simple"},"jetpack_sharing_enabled":true,"_links":{"self":[{"href":"https:\/\/www.hypertera.com\/index.php?rest_route=\/wp\/v2\/product\/2675","targetHints":{"allow":["GET"]}}],"collection":[{"href":"https:\/\/www.hypertera.com\/index.php?rest_route=\/wp\/v2\/product"}],"about":[{"href":"https:\/\/www.hypertera.com\/index.php?rest_route=\/wp\/v2\/types\/product"}],"replies":[{"embeddable":true,"href":"https:\/\/www.hypertera.com\/index.php?rest_route=%2Fwp%2Fv2%2Fcomments&post=2675"}],"wp:featuredmedia":[{"embeddable":true,"href":"https:\/\/www.hypertera.com\/index.php?rest_route=\/wp\/v2\/media\/2676"}],"wp:attachment":[{"href":"https:\/\/www.hypertera.com\/index.php?rest_route=%2Fwp%2Fv2%2Fmedia&parent=2675"}],"wp:term":[{"taxonomy":"product_brand","embeddable":true,"href":"https:\/\/www.hypertera.com\/index.php?rest_route=%2Fwp%2Fv2%2Fproduct_brand&post=2675"},{"taxonomy":"product_cat","embeddable":true,"href":"https:\/\/www.hypertera.com\/index.php?rest_route=%2Fwp%2Fv2%2Fproduct_cat&post=2675"},{"taxonomy":"product_tag","embeddable":true,"href":"https:\/\/www.hypertera.com\/index.php?rest_route=%2Fwp%2Fv2%2Fproduct_tag&post=2675"}],"curies":[{"name":"wp","href":"https:\/\/api.w.org\/{rel}","templated":true}]}}