{"id":2671,"date":"2022-07-21T15:26:57","date_gmt":"2022-07-21T15:26:57","guid":{"rendered":"https:\/\/www.hypertera.com\/?product=taulutussi-pilot-wbma-tm-pyorea-vihrea"},"modified":"2022-07-21T15:27:01","modified_gmt":"2022-07-21T15:27:01","slug":"taulutussi-pilot-wbma-tm-pyorea-vihrea","status":"publish","type":"product","link":"https:\/\/www.hypertera.com\/?product=taulutussi-pilot-wbma-tm-pyorea-vihrea","title":{"rendered":"Taulutussi, Pilot WBMA-TM, py\u00f6re\u00e4, vihre\u00e4"},"content":{"rendered":"<p>Alkoholipohjainen muste. Alumiinirunko. Py\u00f6re\u00e4 akryylik\u00e4rki, viivan leveys 1,8 mm.<\/p>\n","protected":false},"excerpt":{"rendered":"<p>Alkoholipohjainen muste. Alumiinirunko. Py\u00f6re\u00e4 akryylik\u00e4rki, viivan leveys 1,8 mm.<\/p>\n","protected":false},"featured_media":2672,"comment_status":"closed","ping_status":"closed","template":"","meta":[],"product_brand":[],"product_cat":[56,790,30,16],"product_tag":[791],"class_list":{"0":"post-2671","1":"product","2":"type-product","3":"status-publish","4":"has-post-thumbnail","6":"product_cat-kynat","7":"product_cat-taulutussit","8":"product_cat-toimistotarvikkeet","9":"product_cat-tuotteet","10":"product_tag-taulutussit","12":"first","13":"instock","14":"purchasable","15":"product-type-simple"},"jetpack_sharing_enabled":true,"_links":{"self":[{"href":"https:\/\/www.hypertera.com\/index.php?rest_route=\/wp\/v2\/product\/2671","targetHints":{"allow":["GET"]}}],"collection":[{"href":"https:\/\/www.hypertera.com\/index.php?rest_route=\/wp\/v2\/product"}],"about":[{"href":"https:\/\/www.hypertera.com\/index.php?rest_route=\/wp\/v2\/types\/product"}],"replies":[{"embeddable":true,"href":"https:\/\/www.hypertera.com\/index.php?rest_route=%2Fwp%2Fv2%2Fcomments&post=2671"}],"wp:featuredmedia":[{"embeddable":true,"href":"https:\/\/www.hypertera.com\/index.php?rest_route=\/wp\/v2\/media\/2672"}],"wp:attachment":[{"href":"https:\/\/www.hypertera.com\/index.php?rest_route=%2Fwp%2Fv2%2Fmedia&parent=2671"}],"wp:term":[{"taxonomy":"product_brand","embeddable":true,"href":"https:\/\/www.hypertera.com\/index.php?rest_route=%2Fwp%2Fv2%2Fproduct_brand&post=2671"},{"taxonomy":"product_cat","embeddable":true,"href":"https:\/\/www.hypertera.com\/index.php?rest_route=%2Fwp%2Fv2%2Fproduct_cat&post=2671"},{"taxonomy":"product_tag","embeddable":true,"href":"https:\/\/www.hypertera.com\/index.php?rest_route=%2Fwp%2Fv2%2Fproduct_tag&post=2671"}],"curies":[{"name":"wp","href":"https:\/\/api.w.org\/{rel}","templated":true}]}}