{"id":267,"date":"2022-07-21T14:04:38","date_gmt":"2022-07-21T14:04:38","guid":{"rendered":"https:\/\/www.hypertera.com\/?product=etiketti-avery-l7680-25-381x212-kullankeltainen-1-pkt-1625"},"modified":"2022-07-21T14:04:49","modified_gmt":"2022-07-21T14:04:49","slug":"etiketti-avery-l7680-25-381x212-kullankeltainen-1-pkt-1625","status":"publish","type":"product","link":"https:\/\/www.hypertera.com\/?product=etiketti-avery-l7680-25-381x212-kullankeltainen-1-pkt-1625","title":{"rendered":"Etiketti, Avery L7680-25, 38,1&#215;21,2, kullankeltainen, 1 pkt\/1625"},"content":{"rendered":"<p>K\u00e4y lasertulostimiin. Paketissa 1625 kullankeltaisen v\u00e4rist\u00e4 tarraa. 25 arkkia, 65 tarraa\/arkki<\/p>\n","protected":false},"excerpt":{"rendered":"<p>K\u00e4y lasertulostimiin. Paketissa 1625 kullankeltaisen v\u00e4rist\u00e4 tarraa. 25 arkkia, 65 tarraa\/arkki<\/p>\n","protected":false},"featured_media":268,"comment_status":"closed","ping_status":"closed","template":"","meta":[],"product_brand":[],"product_cat":[104,126,30,16],"product_tag":[127],"class_list":{"0":"post-267","1":"product","2":"type-product","3":"status-publish","4":"has-post-thumbnail","6":"product_cat-etiketit-tarrat-ja-nimilappukotelot","7":"product_cat-manuaaliset-erikoistarrat","8":"product_cat-toimistotarvikkeet","9":"product_cat-tuotteet","10":"product_tag-etiketit","12":"first","13":"instock","14":"purchasable","15":"product-type-simple"},"jetpack_sharing_enabled":true,"_links":{"self":[{"href":"https:\/\/www.hypertera.com\/index.php?rest_route=\/wp\/v2\/product\/267","targetHints":{"allow":["GET"]}}],"collection":[{"href":"https:\/\/www.hypertera.com\/index.php?rest_route=\/wp\/v2\/product"}],"about":[{"href":"https:\/\/www.hypertera.com\/index.php?rest_route=\/wp\/v2\/types\/product"}],"replies":[{"embeddable":true,"href":"https:\/\/www.hypertera.com\/index.php?rest_route=%2Fwp%2Fv2%2Fcomments&post=267"}],"wp:featuredmedia":[{"embeddable":true,"href":"https:\/\/www.hypertera.com\/index.php?rest_route=\/wp\/v2\/media\/268"}],"wp:attachment":[{"href":"https:\/\/www.hypertera.com\/index.php?rest_route=%2Fwp%2Fv2%2Fmedia&parent=267"}],"wp:term":[{"taxonomy":"product_brand","embeddable":true,"href":"https:\/\/www.hypertera.com\/index.php?rest_route=%2Fwp%2Fv2%2Fproduct_brand&post=267"},{"taxonomy":"product_cat","embeddable":true,"href":"https:\/\/www.hypertera.com\/index.php?rest_route=%2Fwp%2Fv2%2Fproduct_cat&post=267"},{"taxonomy":"product_tag","embeddable":true,"href":"https:\/\/www.hypertera.com\/index.php?rest_route=%2Fwp%2Fv2%2Fproduct_tag&post=267"}],"curies":[{"name":"wp","href":"https:\/\/api.w.org\/{rel}","templated":true}]}}