{"id":2661,"date":"2022-07-21T15:26:49","date_gmt":"2022-07-21T15:26:49","guid":{"rendered":"https:\/\/www.hypertera.com\/?product=taulupyyhin-q-connect-2lla-tussilla-magneettikiinnitys"},"modified":"2022-07-21T15:26:53","modified_gmt":"2022-07-21T15:26:53","slug":"taulupyyhin-q-connect-2lla-tussilla-magneettikiinnitys","status":"publish","type":"product","link":"https:\/\/www.hypertera.com\/?product=taulupyyhin-q-connect-2lla-tussilla-magneettikiinnitys","title":{"rendered":"Taulupyyhin, Q-Connect, 2:lla tussilla magneettikiinnitys"},"content":{"rendered":"<p>Magneetilla kiinnittyv\u00e4ss\u00e4 taulupyyhkimess\u00e4 on kyn\u00e4teline, jossa on kaksi tussia. Tussien v\u00e4rit ovat punainen ja musta. Pinta ei ole irrotettava.<\/p>\n","protected":false},"excerpt":{"rendered":"<p>Q-Connect 2:lla tussilla Taulupyyhin<\/p>\n","protected":false},"featured_media":2662,"comment_status":"closed","ping_status":"closed","template":"","meta":[],"product_brand":[],"product_cat":[539,50,788,16],"product_tag":[789],"class_list":{"0":"post-2661","1":"product","2":"type-product","3":"status-publish","4":"has-post-thumbnail","6":"product_cat-av-kalusteet-kalusteet","7":"product_cat-kalusteet","8":"product_cat-taulutarvikkeet","9":"product_cat-tuotteet","10":"product_tag-taulupyyhkimet","12":"first","13":"outofstock","14":"purchasable","15":"product-type-simple"},"jetpack_sharing_enabled":true,"_links":{"self":[{"href":"https:\/\/www.hypertera.com\/index.php?rest_route=\/wp\/v2\/product\/2661","targetHints":{"allow":["GET"]}}],"collection":[{"href":"https:\/\/www.hypertera.com\/index.php?rest_route=\/wp\/v2\/product"}],"about":[{"href":"https:\/\/www.hypertera.com\/index.php?rest_route=\/wp\/v2\/types\/product"}],"replies":[{"embeddable":true,"href":"https:\/\/www.hypertera.com\/index.php?rest_route=%2Fwp%2Fv2%2Fcomments&post=2661"}],"wp:featuredmedia":[{"embeddable":true,"href":"https:\/\/www.hypertera.com\/index.php?rest_route=\/wp\/v2\/media\/2662"}],"wp:attachment":[{"href":"https:\/\/www.hypertera.com\/index.php?rest_route=%2Fwp%2Fv2%2Fmedia&parent=2661"}],"wp:term":[{"taxonomy":"product_brand","embeddable":true,"href":"https:\/\/www.hypertera.com\/index.php?rest_route=%2Fwp%2Fv2%2Fproduct_brand&post=2661"},{"taxonomy":"product_cat","embeddable":true,"href":"https:\/\/www.hypertera.com\/index.php?rest_route=%2Fwp%2Fv2%2Fproduct_cat&post=2661"},{"taxonomy":"product_tag","embeddable":true,"href":"https:\/\/www.hypertera.com\/index.php?rest_route=%2Fwp%2Fv2%2Fproduct_tag&post=2661"}],"curies":[{"name":"wp","href":"https:\/\/api.w.org\/{rel}","templated":true}]}}