{"id":2657,"date":"2022-07-21T15:26:49","date_gmt":"2022-07-21T15:26:49","guid":{"rendered":"https:\/\/www.hypertera.com\/?product=taululehtio-blanco-60x85cm-50"},"modified":"2022-07-21T15:26:51","modified_gmt":"2022-07-21T15:26:51","slug":"taululehtio-blanco-60x85cm-50","status":"publish","type":"product","link":"https:\/\/www.hypertera.com\/?product=taululehtio-blanco-60x85cm-50","title":{"rendered":"Taululehti\u00f6, Blanco, 60x85cm\/50"},"content":{"rendered":"<p>Kotimainen, laadukas taululehti\u00f6, jonka mitat ovat 60x85cm.   Valkoinen, tussinkest\u00e4v\u00e4 paperi, jossa perforointi. Taustapahvi, 50 lehte\u00e4.  Reikien halkaisija 23mm ja niiden v\u00e4li 42,5cm reikien keskelt\u00e4 mitattuna. Sopivat yleisimpiin taululehti\u00f6telineisiin.  Tuotteella Joutsenmerkki ja Avainlippu.<\/p>\n","protected":false},"excerpt":{"rendered":"<p>Kotimainen, laadukas taululehti\u00f6, jonka mitat ovat 60x85cm. Valkoinen, tussinkest\u00e4v\u00e4 paperi, jossa perforointi. Taustapahvi, 50 lehte\u00e4. Reikien halkaisija 23mm ja niiden v\u00e4li 42,5cm reikien keskelt\u00e4 mitattuna. Sopivat yleisimpiin taululehti\u00f6telineisiin. Tuotteella Joutsenmerkki ja Avainlippu.<\/p>\n","protected":false},"featured_media":2658,"comment_status":"closed","ping_status":"closed","template":"","meta":[],"product_brand":[],"product_cat":[84,180,30,16],"product_tag":[181],"class_list":{"0":"post-2657","1":"product","2":"type-product","3":"status-publish","4":"has-post-thumbnail","6":"product_cat-lehtiot-ja-vihkot","7":"product_cat-muut-lehtiot","8":"product_cat-toimistotarvikkeet","9":"product_cat-tuotteet","10":"product_tag-taululehtiot","12":"first","13":"instock","14":"purchasable","15":"product-type-simple"},"jetpack_sharing_enabled":true,"_links":{"self":[{"href":"https:\/\/www.hypertera.com\/index.php?rest_route=\/wp\/v2\/product\/2657","targetHints":{"allow":["GET"]}}],"collection":[{"href":"https:\/\/www.hypertera.com\/index.php?rest_route=\/wp\/v2\/product"}],"about":[{"href":"https:\/\/www.hypertera.com\/index.php?rest_route=\/wp\/v2\/types\/product"}],"replies":[{"embeddable":true,"href":"https:\/\/www.hypertera.com\/index.php?rest_route=%2Fwp%2Fv2%2Fcomments&post=2657"}],"wp:featuredmedia":[{"embeddable":true,"href":"https:\/\/www.hypertera.com\/index.php?rest_route=\/wp\/v2\/media\/2658"}],"wp:attachment":[{"href":"https:\/\/www.hypertera.com\/index.php?rest_route=%2Fwp%2Fv2%2Fmedia&parent=2657"}],"wp:term":[{"taxonomy":"product_brand","embeddable":true,"href":"https:\/\/www.hypertera.com\/index.php?rest_route=%2Fwp%2Fv2%2Fproduct_brand&post=2657"},{"taxonomy":"product_cat","embeddable":true,"href":"https:\/\/www.hypertera.com\/index.php?rest_route=%2Fwp%2Fv2%2Fproduct_cat&post=2657"},{"taxonomy":"product_tag","embeddable":true,"href":"https:\/\/www.hypertera.com\/index.php?rest_route=%2Fwp%2Fv2%2Fproduct_tag&post=2657"}],"curies":[{"name":"wp","href":"https:\/\/api.w.org\/{rel}","templated":true}]}}