{"id":2647,"date":"2022-07-21T15:26:36","date_gmt":"2022-07-21T15:26:36","guid":{"rendered":"https:\/\/www.hypertera.com\/?product=tarvikepaketti-linkstar-ladonovet-lfa-bd-4-varisuodinta"},"modified":"2022-07-21T15:26:39","modified_gmt":"2022-07-21T15:26:39","slug":"tarvikepaketti-linkstar-ladonovet-lfa-bd-4-varisuodinta","status":"publish","type":"product","link":"https:\/\/www.hypertera.com\/?product=tarvikepaketti-linkstar-ladonovet-lfa-bd-4-varisuodinta","title":{"rendered":"Tarvikepaketti, Linkstar, ladonovet LFA-BD + 4 v\u00e4risuodinta"},"content":{"rendered":"<p>Tarvikepaketti Linkstarin LL, LL-D, LF, FS ja DH-600 -sarjoihin. Mukan tulee ladonovisetti salamavalon suuntaamiseksi ja rajaamiseksi, hunajakenno valon kohdistamiseksi sek\u00e4 nelj\u00e4 v\u00e4risuodinta (vihre\u00e4, sininen, keltainen, punainen) erikoisefektien luomiseksi. Hunajakennon syvyys on 15mm, ja aukkojen koko 6&#215;7 mm, joten se kohdistaa valon varsin pienelle alalle. Voit k\u00e4ytt\u00e4\u00e4 kaikkia tarvikkeita erikseen ja yhdess\u00e4.<\/p>\n","protected":false},"excerpt":{"rendered":"<p>Linkstar ladonovet LFA-BD + 4 v\u00e4risuodinta<\/p>\n","protected":false},"featured_media":2648,"comment_status":"closed","ping_status":"closed","template":"","meta":[],"product_brand":[],"product_cat":[15],"product_tag":[785],"class_list":{"0":"post-2647","1":"product","2":"type-product","3":"status-publish","4":"has-post-thumbnail","6":"product_cat-uncategorized","7":"product_tag-salamalaitteen-tarvikepaketit","9":"first","10":"instock","11":"purchasable","12":"product-type-simple"},"jetpack_sharing_enabled":true,"_links":{"self":[{"href":"https:\/\/www.hypertera.com\/index.php?rest_route=\/wp\/v2\/product\/2647","targetHints":{"allow":["GET"]}}],"collection":[{"href":"https:\/\/www.hypertera.com\/index.php?rest_route=\/wp\/v2\/product"}],"about":[{"href":"https:\/\/www.hypertera.com\/index.php?rest_route=\/wp\/v2\/types\/product"}],"replies":[{"embeddable":true,"href":"https:\/\/www.hypertera.com\/index.php?rest_route=%2Fwp%2Fv2%2Fcomments&post=2647"}],"wp:featuredmedia":[{"embeddable":true,"href":"https:\/\/www.hypertera.com\/index.php?rest_route=\/wp\/v2\/media\/2648"}],"wp:attachment":[{"href":"https:\/\/www.hypertera.com\/index.php?rest_route=%2Fwp%2Fv2%2Fmedia&parent=2647"}],"wp:term":[{"taxonomy":"product_brand","embeddable":true,"href":"https:\/\/www.hypertera.com\/index.php?rest_route=%2Fwp%2Fv2%2Fproduct_brand&post=2647"},{"taxonomy":"product_cat","embeddable":true,"href":"https:\/\/www.hypertera.com\/index.php?rest_route=%2Fwp%2Fv2%2Fproduct_cat&post=2647"},{"taxonomy":"product_tag","embeddable":true,"href":"https:\/\/www.hypertera.com\/index.php?rest_route=%2Fwp%2Fv2%2Fproduct_tag&post=2647"}],"curies":[{"name":"wp","href":"https:\/\/api.w.org\/{rel}","templated":true}]}}