{"id":2607,"date":"2022-07-21T15:25:12","date_gmt":"2022-07-21T15:25:12","guid":{"rendered":"https:\/\/www.hypertera.com\/?product=tarrakirjoitin-dymo-labelwriter-450"},"modified":"2022-07-21T15:25:13","modified_gmt":"2022-07-21T15:25:13","slug":"tarrakirjoitin-dymo-labelwriter-450","status":"publish","type":"product","link":"https:\/\/www.hypertera.com\/?product=tarrakirjoitin-dymo-labelwriter-450","title":{"rendered":"Tarrakirjoitin, Dymo LabelWriter, 450"},"content":{"rendered":"<p>K\u00e4tev\u00e4 tarratulostin. P\u00f6yt\u00e4malli. Tulostusnopeus 40 tarraa\/min. 300 dpi resoluutio. Maksimi tarraleveys 60 mm. Teipit\/tarrat: LW-tarrat Fonttien lukum\u00e4\u00e4r\u00e4: Windows-fontit ja tyylit Merkkien lukum\u00e4\u00e4r\u00e4: Windows-fontit ja tyylit Tyylit: Windows-fontit ja tyylit Kehystyylit: Windows-fontit ja tyylit Fonttikoot: Windows-fontit ja tyylit. Viivakoodien, kuvien ja logojen tulostus. Automaattinen varmuuskopio ensimm\u00e4isest\u00e4 tarrasta. Toimii PC- ja Mac-ymp\u00e4rist\u00f6ss\u00e4. PC-liitett\u00e4v\u00e4 USB-portin kautta. Virtal\u00e4hde: verkkovirta, verkkolaite mukana (S931160). . K\u00e4y tutustumassa tuotteen demoon osoitteessa: http:\/\/sites.dymo.com\/demo\/fiFI\/450\/<\/p>\n","protected":false},"excerpt":{"rendered":"<p>450 Dymo LabelWriter Tarrakirjoitin<\/p>\n","protected":false},"featured_media":2608,"comment_status":"closed","ping_status":"closed","template":"","meta":[],"product_brand":[],"product_cat":[17,20,18,16,19],"product_tag":[21],"class_list":{"0":"post-2607","1":"product","2":"type-product","3":"status-publish","4":"has-post-thumbnail","6":"product_cat-laitteet-tekniikka","7":"product_cat-tarratulostimet","8":"product_cat-tarratulostimettarratulostimettuotteet","9":"product_cat-tuotteet","10":"product_cat-varastoon","11":"product_tag-tarrakirjoittimet","13":"first","14":"outofstock","15":"purchasable","16":"product-type-simple"},"jetpack_sharing_enabled":true,"_links":{"self":[{"href":"https:\/\/www.hypertera.com\/index.php?rest_route=\/wp\/v2\/product\/2607","targetHints":{"allow":["GET"]}}],"collection":[{"href":"https:\/\/www.hypertera.com\/index.php?rest_route=\/wp\/v2\/product"}],"about":[{"href":"https:\/\/www.hypertera.com\/index.php?rest_route=\/wp\/v2\/types\/product"}],"replies":[{"embeddable":true,"href":"https:\/\/www.hypertera.com\/index.php?rest_route=%2Fwp%2Fv2%2Fcomments&post=2607"}],"wp:featuredmedia":[{"embeddable":true,"href":"https:\/\/www.hypertera.com\/index.php?rest_route=\/wp\/v2\/media\/2608"}],"wp:attachment":[{"href":"https:\/\/www.hypertera.com\/index.php?rest_route=%2Fwp%2Fv2%2Fmedia&parent=2607"}],"wp:term":[{"taxonomy":"product_brand","embeddable":true,"href":"https:\/\/www.hypertera.com\/index.php?rest_route=%2Fwp%2Fv2%2Fproduct_brand&post=2607"},{"taxonomy":"product_cat","embeddable":true,"href":"https:\/\/www.hypertera.com\/index.php?rest_route=%2Fwp%2Fv2%2Fproduct_cat&post=2607"},{"taxonomy":"product_tag","embeddable":true,"href":"https:\/\/www.hypertera.com\/index.php?rest_route=%2Fwp%2Fv2%2Fproduct_tag&post=2607"}],"curies":[{"name":"wp","href":"https:\/\/api.w.org\/{rel}","templated":true}]}}