{"id":2591,"date":"2022-07-21T15:24:30","date_gmt":"2022-07-21T15:24:30","guid":{"rendered":"https:\/\/www.hypertera.com\/?product=sukkahousut-36-40-20-den-musta"},"modified":"2022-07-21T15:24:47","modified_gmt":"2022-07-21T15:24:47","slug":"sukkahousut-36-40-20-den-musta","status":"publish","type":"product","link":"https:\/\/www.hypertera.com\/?product=sukkahousut-36-40-20-den-musta","title":{"rendered":"Sukkahousut, 36-40, 20 den, musta"},"content":{"rendered":"<p>Silkkim\u00e4isen pehme\u00e4, kevyempi sukkahousu. Koko 36-40. Musta, 20 denierin kudos. Sile\u00e4, kest\u00e4v\u00e4, tukeva vy\u00f6t\u00e4r\u00f6.<\/p>\n","protected":false},"excerpt":{"rendered":"<p>Musta sukkahousut 20 den (36-40)<\/p>\n","protected":false},"featured_media":2592,"comment_status":"closed","ping_status":"closed","template":"","meta":[],"product_brand":[],"product_cat":[15],"product_tag":[587],"class_list":{"0":"post-2591","1":"product","2":"type-product","3":"status-publish","4":"has-post-thumbnail","6":"product_cat-uncategorized","7":"product_tag-sukkahousut","9":"first","10":"instock","11":"purchasable","12":"product-type-simple"},"jetpack_sharing_enabled":true,"_links":{"self":[{"href":"https:\/\/www.hypertera.com\/index.php?rest_route=\/wp\/v2\/product\/2591","targetHints":{"allow":["GET"]}}],"collection":[{"href":"https:\/\/www.hypertera.com\/index.php?rest_route=\/wp\/v2\/product"}],"about":[{"href":"https:\/\/www.hypertera.com\/index.php?rest_route=\/wp\/v2\/types\/product"}],"replies":[{"embeddable":true,"href":"https:\/\/www.hypertera.com\/index.php?rest_route=%2Fwp%2Fv2%2Fcomments&post=2591"}],"wp:featuredmedia":[{"embeddable":true,"href":"https:\/\/www.hypertera.com\/index.php?rest_route=\/wp\/v2\/media\/2592"}],"wp:attachment":[{"href":"https:\/\/www.hypertera.com\/index.php?rest_route=%2Fwp%2Fv2%2Fmedia&parent=2591"}],"wp:term":[{"taxonomy":"product_brand","embeddable":true,"href":"https:\/\/www.hypertera.com\/index.php?rest_route=%2Fwp%2Fv2%2Fproduct_brand&post=2591"},{"taxonomy":"product_cat","embeddable":true,"href":"https:\/\/www.hypertera.com\/index.php?rest_route=%2Fwp%2Fv2%2Fproduct_cat&post=2591"},{"taxonomy":"product_tag","embeddable":true,"href":"https:\/\/www.hypertera.com\/index.php?rest_route=%2Fwp%2Fv2%2Fproduct_tag&post=2591"}],"curies":[{"name":"wp","href":"https:\/\/api.w.org\/{rel}","templated":true}]}}