{"id":2585,"date":"2022-07-21T15:24:30","date_gmt":"2022-07-21T15:24:30","guid":{"rendered":"https:\/\/www.hypertera.com\/?product=studiovalaisinsetti-linkstar-2-valaisinta-jalustat-8x28-w-paivanvalolamppua"},"modified":"2022-07-21T15:24:31","modified_gmt":"2022-07-21T15:24:31","slug":"studiovalaisinsetti-linkstar-2-valaisinta-jalustat-8x28-w-paivanvalolamppua","status":"publish","type":"product","link":"https:\/\/www.hypertera.com\/?product=studiovalaisinsetti-linkstar-2-valaisinta-jalustat-8x28-w-paivanvalolamppua","title":{"rendered":"Studiovalaisinsetti, Linkstar, 2 valaisinta, jalustat, 8&#215;28 w p\u00e4iv\u00e4nvalolamppua"},"content":{"rendered":"<p>2 valaisimen, jalustan, diffuusiosuotimen ja yhteens\u00e4 kahdeksan 28 watin p\u00e4iv\u00e4nvalolampun setti sopii niin esineiden kuin ihmisten valokuvaukseen sek\u00e4 videokuvaukseen. Voi k\u00e4ytt\u00e4\u00e4 valaisimia diffuusiosuotimella luodaksesi tasaisen valaistuksen tai ilman suodinta tehokkaamman, mutta ter\u00e4v\u00e4mm\u00e4n valaistuksen aikaansaamiseksi. Yhteisteho 224 wattia on verrannollinen 960 watin hehkulamppuihin.  P\u00e4iv\u00e4nvalolamput ovat ns. spiraalilamppuja, ja voit vaihtaa ne halutessasi jopa 40 watin lamppuihin. Yksitt\u00e4iset lamput eiv\u00e4t ole s\u00e4\u00e4dett\u00e4viss\u00e4 teholtaan, mutta halutessasi voit irrottaa osan lampuista.  Diffuusiopinnan mitat ovat ovat 40&#215;50 cm ja heijastuspinnan syvyys 50 cm.  Valoteho on 840 luksia (0.5 m) per lamppu ja 170 luksia (1.0 m) per jokainen p\u00e4\u00e4ll\u00e4 oleva 28 watin lamppu.<\/p>\n","protected":false},"excerpt":{"rendered":"<p>Linkstar Studiovalaisinsetti<\/p>\n","protected":false},"featured_media":2586,"comment_status":"closed","ping_status":"closed","template":"","meta":[],"product_brand":[],"product_cat":[15],"product_tag":[761],"class_list":{"0":"post-2585","1":"product","2":"type-product","3":"status-publish","4":"has-post-thumbnail","6":"product_cat-uncategorized","7":"product_tag-studiovalaisinsetit","9":"first","10":"outofstock","11":"purchasable","12":"product-type-simple"},"jetpack_sharing_enabled":true,"_links":{"self":[{"href":"https:\/\/www.hypertera.com\/index.php?rest_route=\/wp\/v2\/product\/2585","targetHints":{"allow":["GET"]}}],"collection":[{"href":"https:\/\/www.hypertera.com\/index.php?rest_route=\/wp\/v2\/product"}],"about":[{"href":"https:\/\/www.hypertera.com\/index.php?rest_route=\/wp\/v2\/types\/product"}],"replies":[{"embeddable":true,"href":"https:\/\/www.hypertera.com\/index.php?rest_route=%2Fwp%2Fv2%2Fcomments&post=2585"}],"wp:featuredmedia":[{"embeddable":true,"href":"https:\/\/www.hypertera.com\/index.php?rest_route=\/wp\/v2\/media\/2586"}],"wp:attachment":[{"href":"https:\/\/www.hypertera.com\/index.php?rest_route=%2Fwp%2Fv2%2Fmedia&parent=2585"}],"wp:term":[{"taxonomy":"product_brand","embeddable":true,"href":"https:\/\/www.hypertera.com\/index.php?rest_route=%2Fwp%2Fv2%2Fproduct_brand&post=2585"},{"taxonomy":"product_cat","embeddable":true,"href":"https:\/\/www.hypertera.com\/index.php?rest_route=%2Fwp%2Fv2%2Fproduct_cat&post=2585"},{"taxonomy":"product_tag","embeddable":true,"href":"https:\/\/www.hypertera.com\/index.php?rest_route=%2Fwp%2Fv2%2Fproduct_tag&post=2585"}],"curies":[{"name":"wp","href":"https:\/\/api.w.org\/{rel}","templated":true}]}}