{"id":2583,"date":"2022-07-21T15:24:23","date_gmt":"2022-07-21T15:24:23","guid":{"rendered":"https:\/\/www.hypertera.com\/?product=studiovalaisinsetti-linkstar-1-valaisin-jalusta-7x28w"},"modified":"2022-07-21T15:24:27","modified_gmt":"2022-07-21T15:24:27","slug":"studiovalaisinsetti-linkstar-1-valaisin-jalusta-7x28w","status":"publish","type":"product","link":"https:\/\/www.hypertera.com\/?product=studiovalaisinsetti-linkstar-1-valaisin-jalusta-7x28w","title":{"rendered":"Studiovalaisinsetti, Linkstar, 1 valaisin, jalusta, 7x28w"},"content":{"rendered":"<p>T\u00e4m\u00e4 p\u00e4iv\u00e4nvalosarja koostuu seitsem\u00e4st\u00e4 28 watin p\u00e4iv\u00e4nvalolampusta, lamppupidikkeest\u00e4, valaisinjalustasta (85-206 cm), ja diffuusiosuotimet (halk. 70 cm, kahdeksankulmainen). T\u00e4m\u00e4 sarja sopii k\u00e4tev\u00e4sti esimerkiksi videokuvaukseen tai esineiden ja ihmisten valokuvaukseen. Erityisen sopivaa t\u00e4m\u00e4 on silloin kun ei haluta k\u00e4ytt\u00e4\u00e4 salamaa (esimerkiksi el\u00e4inten kuvaus).  Valoteho ei ole suoraan s\u00e4\u00e4dett\u00e4viss\u00e4, mutta kytkimen avulla voit sammuttaa 3-4 lamppua. Jos tarvitset tarkempaa s\u00e4\u00e4t\u00f6\u00e4, voit irrottaa lamppuja haluamasi m\u00e4\u00e4r\u00e4: valoteho on noin n\u00e4in s\u00e4\u00e4dett\u00e4v\u00e4 seitsem\u00e4sosan v\u00e4lin. Kukin 28 watin spiraalilampusta vastaan valoteholtaan noin 140 watin hehkulamppua.  V\u00e4ril\u00e4mp\u00f6tila on 5300 K. Jos my\u00f6hemmin haluat vaihtaa osan lampuista, huomioi ett\u00e4 lamppupidike on suunniteltu maksimissaan yht. 220 watin teholla.  Valontuotto on 0.5 metrin et\u00e4isyydell\u00e4 14 000 luksia, ja 1 metrin et\u00e4isyydell\u00e4 3 400 luksia. Ei erillist\u00e4 tuuletinta.  Voit irrottaa diffuusiopinnan etuosan, jolloin j\u00e4ljelle j\u00e4\u00e4 kirkas hopeanv\u00e4rinen heijastuspinta.<\/p>\n","protected":false},"excerpt":{"rendered":"<p>Linkstar 1 valaisin jalusta 7x28w Studiovalaisinsetti<\/p>\n","protected":false},"featured_media":2584,"comment_status":"closed","ping_status":"closed","template":"","meta":[],"product_brand":[],"product_cat":[15],"product_tag":[761],"class_list":{"0":"post-2583","1":"product","2":"type-product","3":"status-publish","4":"has-post-thumbnail","6":"product_cat-uncategorized","7":"product_tag-studiovalaisinsetit","9":"first","10":"instock","11":"purchasable","12":"product-type-simple"},"jetpack_sharing_enabled":true,"_links":{"self":[{"href":"https:\/\/www.hypertera.com\/index.php?rest_route=\/wp\/v2\/product\/2583","targetHints":{"allow":["GET"]}}],"collection":[{"href":"https:\/\/www.hypertera.com\/index.php?rest_route=\/wp\/v2\/product"}],"about":[{"href":"https:\/\/www.hypertera.com\/index.php?rest_route=\/wp\/v2\/types\/product"}],"replies":[{"embeddable":true,"href":"https:\/\/www.hypertera.com\/index.php?rest_route=%2Fwp%2Fv2%2Fcomments&post=2583"}],"wp:featuredmedia":[{"embeddable":true,"href":"https:\/\/www.hypertera.com\/index.php?rest_route=\/wp\/v2\/media\/2584"}],"wp:attachment":[{"href":"https:\/\/www.hypertera.com\/index.php?rest_route=%2Fwp%2Fv2%2Fmedia&parent=2583"}],"wp:term":[{"taxonomy":"product_brand","embeddable":true,"href":"https:\/\/www.hypertera.com\/index.php?rest_route=%2Fwp%2Fv2%2Fproduct_brand&post=2583"},{"taxonomy":"product_cat","embeddable":true,"href":"https:\/\/www.hypertera.com\/index.php?rest_route=%2Fwp%2Fv2%2Fproduct_cat&post=2583"},{"taxonomy":"product_tag","embeddable":true,"href":"https:\/\/www.hypertera.com\/index.php?rest_route=%2Fwp%2Fv2%2Fproduct_tag&post=2583"}],"curies":[{"name":"wp","href":"https:\/\/api.w.org\/{rel}","templated":true}]}}