{"id":2581,"date":"2022-07-21T15:24:23","date_gmt":"2022-07-21T15:24:23","guid":{"rendered":"https:\/\/www.hypertera.com\/?product=studiovalaisinsetti-linkstar-1-valaisin-5x28-w-metallinen-heijastin"},"modified":"2022-07-21T15:24:26","modified_gmt":"2022-07-21T15:24:26","slug":"studiovalaisinsetti-linkstar-1-valaisin-5x28-w-metallinen-heijastin","status":"publish","type":"product","link":"https:\/\/www.hypertera.com\/?product=studiovalaisinsetti-linkstar-1-valaisin-5x28-w-metallinen-heijastin","title":{"rendered":"Studiovalaisinsetti, Linkstar, 1 valaisin, 5&#215;28 w, metallinen heijastin"},"content":{"rendered":"<p>T\u00e4m\u00e4 p\u00e4iv\u00e4nvalosarja koostuu viidest\u00e4 28 watin p\u00e4iv\u00e4nvalolampusta ja metallisesta heijastinpinnasta (beauty dish, halkaisija 40 cm). T\u00e4m\u00e4 sarja sopii k\u00e4tev\u00e4sti esimerkiksi videokuvaukseen tai esineiden ja ihmisten valokuvaukseen. Erityisen sopivaa t\u00e4m\u00e4 on silloin kun ei haluta k\u00e4ytt\u00e4\u00e4 salamaa (esimerkiksi el\u00e4inten kuvaus s\u00e4ik\u00e4ht\u00e4misriskin takia).  Valotehoa voit s\u00e4\u00e4t\u00e4\u00e4 sytytt\u00e4ll\u00e4 lamppuja haluamasi m\u00e4\u00e4r\u00e4n, jokaiselle lampulle oma kytkin: valoteho on n\u00e4in s\u00e4\u00e4dett\u00e4viss\u00e4 noin viidesosan v\u00e4lin. Kukin 28 watin spiraalilampusta vastaan valoteholtaan noin 140 watin hehkulamppua.  V\u00e4ril\u00e4mp\u00f6tila on 5300 K.  Valontuotto on 0.5 metrin et\u00e4isyydell\u00e4 3900 luksia, ja 1 metrin et\u00e4isyydell\u00e4 840 luksia. Ei erillist\u00e4 tuuletinta.  Voit irrottaa diffuusiopinnan etuosan, jolloin j\u00e4ljelle j\u00e4\u00e4 kirkas hopeanv\u00e4rinen heijastuspinta.<\/p>\n","protected":false},"excerpt":{"rendered":"<p>Linkstar 1 valaisin 5&#215;28 w metallinen Studiovalaisinsetti<\/p>\n","protected":false},"featured_media":2582,"comment_status":"closed","ping_status":"closed","template":"","meta":[],"product_brand":[],"product_cat":[15],"product_tag":[761],"class_list":{"0":"post-2581","1":"product","2":"type-product","3":"status-publish","4":"has-post-thumbnail","6":"product_cat-uncategorized","7":"product_tag-studiovalaisinsetit","9":"first","10":"instock","11":"purchasable","12":"product-type-simple"},"jetpack_sharing_enabled":true,"_links":{"self":[{"href":"https:\/\/www.hypertera.com\/index.php?rest_route=\/wp\/v2\/product\/2581","targetHints":{"allow":["GET"]}}],"collection":[{"href":"https:\/\/www.hypertera.com\/index.php?rest_route=\/wp\/v2\/product"}],"about":[{"href":"https:\/\/www.hypertera.com\/index.php?rest_route=\/wp\/v2\/types\/product"}],"replies":[{"embeddable":true,"href":"https:\/\/www.hypertera.com\/index.php?rest_route=%2Fwp%2Fv2%2Fcomments&post=2581"}],"wp:featuredmedia":[{"embeddable":true,"href":"https:\/\/www.hypertera.com\/index.php?rest_route=\/wp\/v2\/media\/2582"}],"wp:attachment":[{"href":"https:\/\/www.hypertera.com\/index.php?rest_route=%2Fwp%2Fv2%2Fmedia&parent=2581"}],"wp:term":[{"taxonomy":"product_brand","embeddable":true,"href":"https:\/\/www.hypertera.com\/index.php?rest_route=%2Fwp%2Fv2%2Fproduct_brand&post=2581"},{"taxonomy":"product_cat","embeddable":true,"href":"https:\/\/www.hypertera.com\/index.php?rest_route=%2Fwp%2Fv2%2Fproduct_cat&post=2581"},{"taxonomy":"product_tag","embeddable":true,"href":"https:\/\/www.hypertera.com\/index.php?rest_route=%2Fwp%2Fv2%2Fproduct_tag&post=2581"}],"curies":[{"name":"wp","href":"https:\/\/api.w.org\/{rel}","templated":true}]}}