{"id":2579,"date":"2022-07-21T15:24:23","date_gmt":"2022-07-21T15:24:23","guid":{"rendered":"https:\/\/www.hypertera.com\/?product=studiovalaisin-studioking-800-w-halogeeni"},"modified":"2022-07-21T15:24:25","modified_gmt":"2022-07-21T15:24:25","slug":"studiovalaisin-studioking-800-w-halogeeni","status":"publish","type":"product","link":"https:\/\/www.hypertera.com\/?product=studiovalaisin-studioking-800-w-halogeeni","title":{"rendered":"Studiovalaisin, StudioKing, 800 W, halogeeni"},"content":{"rendered":"<p>Yleisk\u00e4ytt\u00f6inen 800 watin halogeenivalaisin ladonovilla ja Spigot-kiinnityksell\u00e4. V\u00e4ril\u00e4mp\u00f6til\u00e4 on 3200 K (l\u00e4mmin valkoinen). Ladonovilla voit rajata valon levi\u00e4mist\u00e4. Valaisimen takana on s\u00e4\u00e4din, jolla voit s\u00e4\u00e4t\u00e4\u00e4 halogeenilampun sijaintia heijastuskuvun sis\u00e4ll\u00e4, jolloin valaisualan leveys muuttuu.  T\u00e4ss\u00e4 valaisimessa ei ole Fresnel-linssi\u00e4, joten valaisualueen reunoista tulee ter\u00e4v\u00e4t. Ei j\u00e4\u00e4hytyst\u00e4.  Huomioithan, ettei t\u00e4m\u00e4n kokoluokan kevytt\u00e4 halogeenivalaisinta saa j\u00e4tt\u00e4\u00e4 yksin\u00e4\u00e4n p\u00e4\u00e4lle, ja my\u00f6s lampun j\u00e4\u00e4htymisen on tapahduttava valvotusti. Lampun ja ymp\u00e4r\u00f6iv\u00e4n ilman nopean l\u00e4mpenemisen vuoksi valaisin saattaa aiheuttaa pieniss\u00e4 tiloissa paloh\u00e4lytyksen, mik\u00e4li paloh\u00e4lytin on l\u00e4hell\u00e4.<\/p>\n","protected":false},"excerpt":{"rendered":"<p>StudioKing 800 W halogeeni Studiovalaisin<\/p>\n","protected":false},"featured_media":2580,"comment_status":"closed","ping_status":"closed","template":"","meta":[],"product_brand":[],"product_cat":[15],"product_tag":[760],"class_list":{"0":"post-2579","1":"product","2":"type-product","3":"status-publish","4":"has-post-thumbnail","6":"product_cat-uncategorized","7":"product_tag-studiovalaisimet","9":"first","10":"instock","11":"purchasable","12":"product-type-simple"},"jetpack_sharing_enabled":true,"_links":{"self":[{"href":"https:\/\/www.hypertera.com\/index.php?rest_route=\/wp\/v2\/product\/2579","targetHints":{"allow":["GET"]}}],"collection":[{"href":"https:\/\/www.hypertera.com\/index.php?rest_route=\/wp\/v2\/product"}],"about":[{"href":"https:\/\/www.hypertera.com\/index.php?rest_route=\/wp\/v2\/types\/product"}],"replies":[{"embeddable":true,"href":"https:\/\/www.hypertera.com\/index.php?rest_route=%2Fwp%2Fv2%2Fcomments&post=2579"}],"wp:featuredmedia":[{"embeddable":true,"href":"https:\/\/www.hypertera.com\/index.php?rest_route=\/wp\/v2\/media\/2580"}],"wp:attachment":[{"href":"https:\/\/www.hypertera.com\/index.php?rest_route=%2Fwp%2Fv2%2Fmedia&parent=2579"}],"wp:term":[{"taxonomy":"product_brand","embeddable":true,"href":"https:\/\/www.hypertera.com\/index.php?rest_route=%2Fwp%2Fv2%2Fproduct_brand&post=2579"},{"taxonomy":"product_cat","embeddable":true,"href":"https:\/\/www.hypertera.com\/index.php?rest_route=%2Fwp%2Fv2%2Fproduct_cat&post=2579"},{"taxonomy":"product_tag","embeddable":true,"href":"https:\/\/www.hypertera.com\/index.php?rest_route=%2Fwp%2Fv2%2Fproduct_tag&post=2579"}],"curies":[{"name":"wp","href":"https:\/\/api.w.org\/{rel}","templated":true}]}}