{"id":2575,"date":"2022-07-21T15:24:23","date_gmt":"2022-07-21T15:24:23","guid":{"rendered":"https:\/\/www.hypertera.com\/?product=studiosalamasarja-linkstar-compact-mtk-2250d-2x250-w-jalustat-diffuusiosuotimet"},"modified":"2022-07-21T15:24:23","modified_gmt":"2022-07-21T15:24:23","slug":"studiosalamasarja-linkstar-compact-mtk-2250d-2x250-w-jalustat-diffuusiosuotimet","status":"publish","type":"product","link":"https:\/\/www.hypertera.com\/?product=studiosalamasarja-linkstar-compact-mtk-2250d-2x250-w-jalustat-diffuusiosuotimet","title":{"rendered":"Studiosalamasarja, Linkstar Compact MTK-2250D, 2&#215;250 w, jalustat, diffuusiosuotimet"},"content":{"rendered":"<p>Linkstar MTK-2250D on k\u00e4tev\u00e4 perustasoinen studiosalamasarja, joka riitt\u00e4\u00e4 valokuvausstudion perustaksi. Sarjassa on kaksi salamalaitetta (&aacute; 250W), kaksi valaisinjalustaa (86-205 cm) ja kaksi diffuusiosuodinta heijastuspintojen kanssa (diffuusiopinan koko 50x 70 cm).  Mukana tulevien studiosalamoiden (Linkstar MT-250D) teho on 250 wattia, joilla ne luovuttavat valo ISO100-ohjearvon 40 verran. Yhden salamalaitteen paino on 90 grammaan. Laitteissa on orjavastaanotin, jonka ansiosta salamalaitteet saa reagoimaan muihin v\u00e4l\u00e4hdyksiin, ja salamat saa helposti toimimaan yhdess\u00e4 esimerkiksi kameran oman salamalaitteen kanssa. Niiss\u00e4 on toki my\u00f6s PC Sync-kaapelit. Molemmissa salamoissa on 50 watin mallinnusvalo, jonka voi kytke\u00e4 p\u00e4\u00e4lle tai pois. Salaman tehoa voi s\u00e4\u00e4t\u00e4\u00e4 v\u00e4lilt\u00e4 1\/1 &#8211; 1 \/16. V\u00e4ril\u00e4mp\u00f6tila on salamalaitteille standardi 5500 K. Mallinnusvalon kanta on G6.35.    Mukana paketissa tulee siis:  2x Linkstar MT-250D -salamalaite  Laitteisiin menev\u00e4t salamalamput, sulakkeet ja mallinnuslamput sek\u00e4 virtakaapelit  2x Linkstar -jalusta (86-205 cm)  2x Softbox RS-5070T (50 x 70 cm)<\/p>\n","protected":false},"excerpt":{"rendered":"<p>Linkstar Compact MTK-2250D 2&#215;250 w jalustat Studiosalamasarja<\/p>\n","protected":false},"featured_media":2576,"comment_status":"closed","ping_status":"closed","template":"","meta":[],"product_brand":[],"product_cat":[15],"product_tag":[759],"class_list":{"0":"post-2575","1":"product","2":"type-product","3":"status-publish","4":"has-post-thumbnail","6":"product_cat-uncategorized","7":"product_tag-studiosalamasarjat","9":"first","10":"instock","11":"purchasable","12":"product-type-simple"},"jetpack_sharing_enabled":true,"_links":{"self":[{"href":"https:\/\/www.hypertera.com\/index.php?rest_route=\/wp\/v2\/product\/2575","targetHints":{"allow":["GET"]}}],"collection":[{"href":"https:\/\/www.hypertera.com\/index.php?rest_route=\/wp\/v2\/product"}],"about":[{"href":"https:\/\/www.hypertera.com\/index.php?rest_route=\/wp\/v2\/types\/product"}],"replies":[{"embeddable":true,"href":"https:\/\/www.hypertera.com\/index.php?rest_route=%2Fwp%2Fv2%2Fcomments&post=2575"}],"wp:featuredmedia":[{"embeddable":true,"href":"https:\/\/www.hypertera.com\/index.php?rest_route=\/wp\/v2\/media\/2576"}],"wp:attachment":[{"href":"https:\/\/www.hypertera.com\/index.php?rest_route=%2Fwp%2Fv2%2Fmedia&parent=2575"}],"wp:term":[{"taxonomy":"product_brand","embeddable":true,"href":"https:\/\/www.hypertera.com\/index.php?rest_route=%2Fwp%2Fv2%2Fproduct_brand&post=2575"},{"taxonomy":"product_cat","embeddable":true,"href":"https:\/\/www.hypertera.com\/index.php?rest_route=%2Fwp%2Fv2%2Fproduct_cat&post=2575"},{"taxonomy":"product_tag","embeddable":true,"href":"https:\/\/www.hypertera.com\/index.php?rest_route=%2Fwp%2Fv2%2Fproduct_tag&post=2575"}],"curies":[{"name":"wp","href":"https:\/\/api.w.org\/{rel}","templated":true}]}}