{"id":2573,"date":"2022-07-21T15:24:15","date_gmt":"2022-07-21T15:24:15","guid":{"rendered":"https:\/\/www.hypertera.com\/?product=studiosalama-linkstar-compact-ff-300d-300-w"},"modified":"2022-07-21T15:24:19","modified_gmt":"2022-07-21T15:24:19","slug":"studiosalama-linkstar-compact-ff-300d-300-w","status":"publish","type":"product","link":"https:\/\/www.hypertera.com\/?product=studiosalama-linkstar-compact-ff-300d-300-w","title":{"rendered":"Studiosalama, Linkstar Compact FF-300D, 300 w"},"content":{"rendered":"<p>FF-300D on luotettava studiosalama perusk\u00e4ytt\u00f6\u00f6n. 300 wattia antaa ohjearvoa 56 (ISO 100) vastaavan valaistuksen. 50 watin muotoilulamppu voidaan asettaa kolmeen asentoon: p\u00e4\u00e4lle, pois, salamavalolle s\u00e4\u00e4detyn arvon suhteessa. Salaman teho on s\u00e4\u00e4dett\u00e4viss\u00e4 v\u00e4lilt\u00e4 1\/1 &#8211; 1\/32.  Salamalaitteessa on my\u00f6s \u00e4\u00e4nipalaute, joka kertoo milloin salama on valmis seuraavaan v\u00e4l\u00e4hdykseen. \u00e4\u00e4nipalautteen voi toki kytke\u00e4 my\u00f6s pois. T\u00e4ydell\u00e4 teholla salaman uudelleen latautuminen kest\u00e4\u00e4 2-3 sekuntia, mutta pienemm\u00e4ll\u00e4 teholla latautuminen on huomattavasti nopeampaa.  Salamavalossa on optinen orjakytkin, joka p\u00e4\u00e4ll\u00e4 ollessaan laukaisee salaman havaitessaan v\u00e4l\u00e4hdyksen. N\u00e4in voit helposti k\u00e4ytt\u00e4\u00e4 salamalaitetta mink\u00e4 salamallisen kameran kanssa tahansa. Lis\u00e4ksi salamalaitteessa on luonnollisesti PC Sync-kaapelipistoke.  V\u00e4ril\u00e4mp\u00f6tila on salamalaitteille standardi 5300 &#8211; 5500 K. Salamalaitteessa on tuuletin j\u00e4\u00e4hdytyksen parantamiseksi, ja t\u00e4ten salamalampun k\u00e4ytt\u00f6i\u00e4n pident\u00e4miseksi. Lis\u00e4osien kiinnitys tapahtuu S-tyypin bajonetilla.  Paketissa tulee mukana salamalaite, ja siihen sis\u00e4ltyv\u00e4 salamalamppu, muotoilulamppu, tarvittavat sulakkeet, virtakaapeli ja heijastuspinta.<\/p>\n","protected":false},"excerpt":{"rendered":"<p>Linkstar Compact FF-300D 300 w Studiosalama<\/p>\n","protected":false},"featured_media":2574,"comment_status":"closed","ping_status":"closed","template":"","meta":[],"product_brand":[],"product_cat":[15],"product_tag":[758],"class_list":{"0":"post-2573","1":"product","2":"type-product","3":"status-publish","4":"has-post-thumbnail","6":"product_cat-uncategorized","7":"product_tag-studiosalamalaitteet","9":"first","10":"instock","11":"purchasable","12":"product-type-simple"},"jetpack_sharing_enabled":true,"_links":{"self":[{"href":"https:\/\/www.hypertera.com\/index.php?rest_route=\/wp\/v2\/product\/2573","targetHints":{"allow":["GET"]}}],"collection":[{"href":"https:\/\/www.hypertera.com\/index.php?rest_route=\/wp\/v2\/product"}],"about":[{"href":"https:\/\/www.hypertera.com\/index.php?rest_route=\/wp\/v2\/types\/product"}],"replies":[{"embeddable":true,"href":"https:\/\/www.hypertera.com\/index.php?rest_route=%2Fwp%2Fv2%2Fcomments&post=2573"}],"wp:featuredmedia":[{"embeddable":true,"href":"https:\/\/www.hypertera.com\/index.php?rest_route=\/wp\/v2\/media\/2574"}],"wp:attachment":[{"href":"https:\/\/www.hypertera.com\/index.php?rest_route=%2Fwp%2Fv2%2Fmedia&parent=2573"}],"wp:term":[{"taxonomy":"product_brand","embeddable":true,"href":"https:\/\/www.hypertera.com\/index.php?rest_route=%2Fwp%2Fv2%2Fproduct_brand&post=2573"},{"taxonomy":"product_cat","embeddable":true,"href":"https:\/\/www.hypertera.com\/index.php?rest_route=%2Fwp%2Fv2%2Fproduct_cat&post=2573"},{"taxonomy":"product_tag","embeddable":true,"href":"https:\/\/www.hypertera.com\/index.php?rest_route=%2Fwp%2Fv2%2Fproduct_tag&post=2573"}],"curies":[{"name":"wp","href":"https:\/\/api.w.org\/{rel}","templated":true}]}}