{"id":2571,"date":"2022-07-21T15:24:15","date_gmt":"2022-07-21T15:24:15","guid":{"rendered":"https:\/\/www.hypertera.com\/?product=studiopuristin-76-mm-spigot-1-4-kierre"},"modified":"2022-07-21T15:24:18","modified_gmt":"2022-07-21T15:24:18","slug":"studiopuristin-76-mm-spigot-1-4-kierre","status":"publish","type":"product","link":"https:\/\/www.hypertera.com\/?product=studiopuristin-76-mm-spigot-1-4-kierre","title":{"rendered":"Studiopuristin 76 mm, spigot + 1\/4&#8243; kierre"},"content":{"rendered":"<p>Voimakas metallipuristin, jossa Spigot-tappi ja 1\/4&quot; -kierre. Erityisesti suunniteltu valokuvausk\u00e4ytt\u00f6\u00f6n, mutta soveltuu my\u00f6s yleispuristimeksi. Pihtiosan p\u00e4\u00e4t on kumip\u00e4\u00e4llystetty, joten kiinnityspinta on suojattu. Puristimen leveys on 76 mm ja voit kiinnitt\u00e4\u00e4 sen maksimissaan 40 mm paksuihin kiinnityspintoihin.<\/p>\n","protected":false},"excerpt":{"rendered":"<p>Studiopuristin 76mm spigot 1\/4&#8243; kierteell\u00e4<\/p>\n","protected":false},"featured_media":2572,"comment_status":"closed","ping_status":"closed","template":"","meta":[],"product_brand":[],"product_cat":[15],"product_tag":[757],"class_list":{"0":"post-2571","1":"product","2":"type-product","3":"status-publish","4":"has-post-thumbnail","6":"product_cat-uncategorized","7":"product_tag-studiopuristimet","9":"first","10":"instock","11":"purchasable","12":"product-type-simple"},"jetpack_sharing_enabled":true,"_links":{"self":[{"href":"https:\/\/www.hypertera.com\/index.php?rest_route=\/wp\/v2\/product\/2571","targetHints":{"allow":["GET"]}}],"collection":[{"href":"https:\/\/www.hypertera.com\/index.php?rest_route=\/wp\/v2\/product"}],"about":[{"href":"https:\/\/www.hypertera.com\/index.php?rest_route=\/wp\/v2\/types\/product"}],"replies":[{"embeddable":true,"href":"https:\/\/www.hypertera.com\/index.php?rest_route=%2Fwp%2Fv2%2Fcomments&post=2571"}],"wp:featuredmedia":[{"embeddable":true,"href":"https:\/\/www.hypertera.com\/index.php?rest_route=\/wp\/v2\/media\/2572"}],"wp:attachment":[{"href":"https:\/\/www.hypertera.com\/index.php?rest_route=%2Fwp%2Fv2%2Fmedia&parent=2571"}],"wp:term":[{"taxonomy":"product_brand","embeddable":true,"href":"https:\/\/www.hypertera.com\/index.php?rest_route=%2Fwp%2Fv2%2Fproduct_brand&post=2571"},{"taxonomy":"product_cat","embeddable":true,"href":"https:\/\/www.hypertera.com\/index.php?rest_route=%2Fwp%2Fv2%2Fproduct_cat&post=2571"},{"taxonomy":"product_tag","embeddable":true,"href":"https:\/\/www.hypertera.com\/index.php?rest_route=%2Fwp%2Fv2%2Fproduct_tag&post=2571"}],"curies":[{"name":"wp","href":"https:\/\/api.w.org\/{rel}","templated":true}]}}