{"id":2567,"date":"2022-07-21T15:24:15","date_gmt":"2022-07-21T15:24:15","guid":{"rendered":"https:\/\/www.hypertera.com\/?product=stereomikroskooppi-byomic-st3-20-40x"},"modified":"2022-07-21T15:24:16","modified_gmt":"2022-07-21T15:24:16","slug":"stereomikroskooppi-byomic-st3-20-40x","status":"publish","type":"product","link":"https:\/\/www.hypertera.com\/?product=stereomikroskooppi-byomic-st3-20-40x","title":{"rendered":"Stereomikroskooppi, Byomic ST3, 20 &#8211; 40x"},"content":{"rendered":"<p>Laadukas stereomikroskooppi harrastajille ja kouluille. Mikroskoopissa on kest\u00e4v\u00e4 metallirunko. Mukana tulevilla osilla on saatavissa 20x ja 40x suurennos. Mikroskoopissa on kaksi katseluputkea, joissa molemmissa on 45 asteen n\u00e4kym\u00e4. Oikeanpuolisessa putkessa on lis\u00e4ksi tarkennuksen hienos\u00e4\u00e4t\u00f6, joten mikroskooppia voi k\u00e4ytt\u00e4\u00e4 ilman silm\u00e4laseja \/ piilolinssej\u00e4, vaikka niit\u00e4 muutoin k\u00e4ytt\u00e4isikin.  Kaikissa optisissa osissa on kasvustojen estopinnoitus.  Mukana tulee stereomikroskooppi Byomic ST3, okulaarien suojukset, pari okulaareja WF-10x &#8211; 20mm sek\u00e4 1 alusta, jonka halkaisija on 60 mm. Objektiiveissa on 2x ja 4x -suurennokset.<\/p>\n","protected":false},"excerpt":{"rendered":"<p>Byomic ST3 20 &#8211; 40x Stereomikroskooppi<\/p>\n","protected":false},"featured_media":2568,"comment_status":"closed","ping_status":"closed","template":"","meta":[],"product_brand":[],"product_cat":[15],"product_tag":[756],"class_list":{"0":"post-2567","1":"product","2":"type-product","3":"status-publish","4":"has-post-thumbnail","6":"product_cat-uncategorized","7":"product_tag-stereomikroskoopit","9":"first","10":"instock","11":"purchasable","12":"product-type-simple"},"jetpack_sharing_enabled":true,"_links":{"self":[{"href":"https:\/\/www.hypertera.com\/index.php?rest_route=\/wp\/v2\/product\/2567","targetHints":{"allow":["GET"]}}],"collection":[{"href":"https:\/\/www.hypertera.com\/index.php?rest_route=\/wp\/v2\/product"}],"about":[{"href":"https:\/\/www.hypertera.com\/index.php?rest_route=\/wp\/v2\/types\/product"}],"replies":[{"embeddable":true,"href":"https:\/\/www.hypertera.com\/index.php?rest_route=%2Fwp%2Fv2%2Fcomments&post=2567"}],"wp:featuredmedia":[{"embeddable":true,"href":"https:\/\/www.hypertera.com\/index.php?rest_route=\/wp\/v2\/media\/2568"}],"wp:attachment":[{"href":"https:\/\/www.hypertera.com\/index.php?rest_route=%2Fwp%2Fv2%2Fmedia&parent=2567"}],"wp:term":[{"taxonomy":"product_brand","embeddable":true,"href":"https:\/\/www.hypertera.com\/index.php?rest_route=%2Fwp%2Fv2%2Fproduct_brand&post=2567"},{"taxonomy":"product_cat","embeddable":true,"href":"https:\/\/www.hypertera.com\/index.php?rest_route=%2Fwp%2Fv2%2Fproduct_cat&post=2567"},{"taxonomy":"product_tag","embeddable":true,"href":"https:\/\/www.hypertera.com\/index.php?rest_route=%2Fwp%2Fv2%2Fproduct_tag&post=2567"}],"curies":[{"name":"wp","href":"https:\/\/api.w.org\/{rel}","templated":true}]}}