{"id":2559,"date":"2022-07-21T15:24:07","date_gmt":"2022-07-21T15:24:07","guid":{"rendered":"https:\/\/www.hypertera.com\/?product=spigot-nivel-valaisinjalkoihin"},"modified":"2022-07-21T15:24:09","modified_gmt":"2022-07-21T15:24:09","slug":"spigot-nivel-valaisinjalkoihin","status":"publish","type":"product","link":"https:\/\/www.hypertera.com\/?product=spigot-nivel-valaisinjalkoihin","title":{"rendered":"Spigot-nivel valaisinjalkoihin"},"content":{"rendered":"<p>Nivel valaisinjalustoihin ja muihin Spigot-liitimiin. Valaisinniveless\u00e4 on kaksi Spigot-afpateria. Pituus on 13.5 cm. Usein t\u00e4t\u00e4 studionivelt\u00e4 k\u00e4ytet\u00e4\u00e4n esimerkiksi valaisinjalustan ja Speedlight-kamerasalaman jalustan kiinnitt\u00e4miseen. Katso esimerkiksi HS-15 Speedlight-kamerasalaman kiinnitysyksikk\u00f6\u00e4.<\/p>\n","protected":false},"excerpt":{"rendered":"<p>Spigot-nivel valaisinjalkoihin<\/p>\n","protected":false},"featured_media":2560,"comment_status":"closed","ping_status":"closed","template":"","meta":[],"product_brand":[],"product_cat":[15],"product_tag":[751],"class_list":{"0":"post-2559","1":"product","2":"type-product","3":"status-publish","4":"has-post-thumbnail","6":"product_cat-uncategorized","7":"product_tag-studionivelet","9":"first","10":"instock","11":"purchasable","12":"product-type-simple"},"jetpack_sharing_enabled":true,"_links":{"self":[{"href":"https:\/\/www.hypertera.com\/index.php?rest_route=\/wp\/v2\/product\/2559","targetHints":{"allow":["GET"]}}],"collection":[{"href":"https:\/\/www.hypertera.com\/index.php?rest_route=\/wp\/v2\/product"}],"about":[{"href":"https:\/\/www.hypertera.com\/index.php?rest_route=\/wp\/v2\/types\/product"}],"replies":[{"embeddable":true,"href":"https:\/\/www.hypertera.com\/index.php?rest_route=%2Fwp%2Fv2%2Fcomments&post=2559"}],"wp:featuredmedia":[{"embeddable":true,"href":"https:\/\/www.hypertera.com\/index.php?rest_route=\/wp\/v2\/media\/2560"}],"wp:attachment":[{"href":"https:\/\/www.hypertera.com\/index.php?rest_route=%2Fwp%2Fv2%2Fmedia&parent=2559"}],"wp:term":[{"taxonomy":"product_brand","embeddable":true,"href":"https:\/\/www.hypertera.com\/index.php?rest_route=%2Fwp%2Fv2%2Fproduct_brand&post=2559"},{"taxonomy":"product_cat","embeddable":true,"href":"https:\/\/www.hypertera.com\/index.php?rest_route=%2Fwp%2Fv2%2Fproduct_cat&post=2559"},{"taxonomy":"product_tag","embeddable":true,"href":"https:\/\/www.hypertera.com\/index.php?rest_route=%2Fwp%2Fv2%2Fproduct_tag&post=2559"}],"curies":[{"name":"wp","href":"https:\/\/api.w.org\/{rel}","templated":true}]}}