{"id":2543,"date":"2022-07-21T15:23:49","date_gmt":"2022-07-21T15:23:49","guid":{"rendered":"https:\/\/www.hypertera.com\/?product=sieni-sipulikeitto-leader-ackd-easy-diet-65g"},"modified":"2022-07-21T15:23:53","modified_gmt":"2022-07-21T15:23:53","slug":"sieni-sipulikeitto-leader-ackd-easy-diet-65g","status":"publish","type":"product","link":"https:\/\/www.hypertera.com\/?product=sieni-sipulikeitto-leader-ackd-easy-diet-65g","title":{"rendered":"Sieni-sipulikeitto, Leader ACKD Easy Diet, 65g"},"content":{"rendered":"<p>ACKD Easy Diet sieni-sipulikeitto on suunniteltu ateriankorvikkeeksi laihduttajille. Keitto on maukasta ja t\u00e4ytt\u00e4\u00e4 vatsan ilman turhia hiilihydraatteja. Helppo valmistaa; lis\u00e4\u00e4 vain vesi ja sekoita. Keittoannos on laktoositon ja gluteeniton.   Natural diet -tuotteet on tarkoitettu terveille ylipainoisille (BMI>25) henkil\u00f6ille. Keittoa voi k\u00e4ytt\u00e4\u00e4 maksimissaan 3 viikkoa yht\u00e4jaksoisesti ainoana ravinnonl\u00e4hteen\u00e4.   Keiton s\u00e4ilytys: kuivassa paikassa.<\/p>\n","protected":false},"excerpt":{"rendered":"<p>Sieni-sipulikeitto, 65g Leader ACKD Easy Diet<\/p>\n","protected":false},"featured_media":2544,"comment_status":"closed","ping_status":"closed","template":"","meta":[],"product_brand":[],"product_cat":[15],"product_tag":[242],"class_list":{"0":"post-2543","1":"product","2":"type-product","3":"status-publish","4":"has-post-thumbnail","6":"product_cat-uncategorized","7":"product_tag-keitot","9":"first","10":"instock","11":"purchasable","12":"product-type-simple"},"jetpack_sharing_enabled":true,"_links":{"self":[{"href":"https:\/\/www.hypertera.com\/index.php?rest_route=\/wp\/v2\/product\/2543","targetHints":{"allow":["GET"]}}],"collection":[{"href":"https:\/\/www.hypertera.com\/index.php?rest_route=\/wp\/v2\/product"}],"about":[{"href":"https:\/\/www.hypertera.com\/index.php?rest_route=\/wp\/v2\/types\/product"}],"replies":[{"embeddable":true,"href":"https:\/\/www.hypertera.com\/index.php?rest_route=%2Fwp%2Fv2%2Fcomments&post=2543"}],"wp:featuredmedia":[{"embeddable":true,"href":"https:\/\/www.hypertera.com\/index.php?rest_route=\/wp\/v2\/media\/2544"}],"wp:attachment":[{"href":"https:\/\/www.hypertera.com\/index.php?rest_route=%2Fwp%2Fv2%2Fmedia&parent=2543"}],"wp:term":[{"taxonomy":"product_brand","embeddable":true,"href":"https:\/\/www.hypertera.com\/index.php?rest_route=%2Fwp%2Fv2%2Fproduct_brand&post=2543"},{"taxonomy":"product_cat","embeddable":true,"href":"https:\/\/www.hypertera.com\/index.php?rest_route=%2Fwp%2Fv2%2Fproduct_cat&post=2543"},{"taxonomy":"product_tag","embeddable":true,"href":"https:\/\/www.hypertera.com\/index.php?rest_route=%2Fwp%2Fv2%2Fproduct_tag&post=2543"}],"curies":[{"name":"wp","href":"https:\/\/api.w.org\/{rel}","templated":true}]}}