{"id":2541,"date":"2022-07-21T15:23:49","date_gmt":"2022-07-21T15:23:49","guid":{"rendered":"https:\/\/www.hypertera.com\/?product=seinateline-vogels-original-lcd-plasma-tvlle-harmaa"},"modified":"2022-07-21T15:23:52","modified_gmt":"2022-07-21T15:23:52","slug":"seinateline-vogels-original-lcd-plasma-tvlle-harmaa","status":"publish","type":"product","link":"https:\/\/www.hypertera.com\/?product=seinateline-vogels-original-lcd-plasma-tvlle-harmaa","title":{"rendered":"Sein\u00e4teline, Vogels Original, LCD\/Plasma TV:lle, harmaa"},"content":{"rendered":"<p>Vogel&#39;s VFW 040 LCD- \/ Plasma-TV:n sein\u00e4kiinnitys.  &#8211; Min. koko: 26&quot;  &#8211; Maks. koko: 42&quot;  &#8211; Maks. paino: 35 kg  &#8211; Min. et\u00e4isyys sein\u00e4\u00e4n: 43 mm  &#8211; V\u00e4ri: Harmaa  VFW040 on litte\u00e4 sein\u00e4kiinnitysratkaisu jopa 42 tuumaisille (107 cm) LCD-\/Plasma-n\u00e4yt\u00f6ille. T\u00e4m\u00e4 kiinnitysteline voidaan asentaa 43 mm:n et\u00e4isyydelle sein\u00e4st\u00e4, mik\u00e4 on silti riitt\u00e4v\u00e4sti tilaa ilmankierrolle. Nyt voit helposti asentaa LCD-\/Plasma-TV:n sein\u00e4lle, ja n\u00e4in vapauttaa tilaa ja antaa sisustukselle tyylikkyytt\u00e4.<\/p>\n","protected":false},"excerpt":{"rendered":"<p>Harmaa Vogels Original LCD\/Plasma TV:lle Sein\u00e4teline<\/p>\n","protected":false},"featured_media":2542,"comment_status":"closed","ping_status":"closed","template":"","meta":[],"product_brand":[],"product_cat":[679,30,16],"product_tag":[744],"class_list":{"0":"post-2541","1":"product","2":"type-product","3":"status-publish","4":"has-post-thumbnail","6":"product_cat-pikahakujarjestelmat","7":"product_cat-toimistotarvikkeet","8":"product_cat-tuotteet","9":"product_tag-seinatelineet","11":"first","12":"instock","13":"purchasable","14":"product-type-simple"},"jetpack_sharing_enabled":true,"_links":{"self":[{"href":"https:\/\/www.hypertera.com\/index.php?rest_route=\/wp\/v2\/product\/2541","targetHints":{"allow":["GET"]}}],"collection":[{"href":"https:\/\/www.hypertera.com\/index.php?rest_route=\/wp\/v2\/product"}],"about":[{"href":"https:\/\/www.hypertera.com\/index.php?rest_route=\/wp\/v2\/types\/product"}],"replies":[{"embeddable":true,"href":"https:\/\/www.hypertera.com\/index.php?rest_route=%2Fwp%2Fv2%2Fcomments&post=2541"}],"wp:featuredmedia":[{"embeddable":true,"href":"https:\/\/www.hypertera.com\/index.php?rest_route=\/wp\/v2\/media\/2542"}],"wp:attachment":[{"href":"https:\/\/www.hypertera.com\/index.php?rest_route=%2Fwp%2Fv2%2Fmedia&parent=2541"}],"wp:term":[{"taxonomy":"product_brand","embeddable":true,"href":"https:\/\/www.hypertera.com\/index.php?rest_route=%2Fwp%2Fv2%2Fproduct_brand&post=2541"},{"taxonomy":"product_cat","embeddable":true,"href":"https:\/\/www.hypertera.com\/index.php?rest_route=%2Fwp%2Fv2%2Fproduct_cat&post=2541"},{"taxonomy":"product_tag","embeddable":true,"href":"https:\/\/www.hypertera.com\/index.php?rest_route=%2Fwp%2Fv2%2Fproduct_tag&post=2541"}],"curies":[{"name":"wp","href":"https:\/\/api.w.org\/{rel}","templated":true}]}}